{"id":88,"date":"2020-04-22T10:48:02","date_gmt":"2020-04-22T10:48:02","guid":{"rendered":"https:\/\/synkinoumai.gr\/?page_id=88"},"modified":"2025-09-23T07:02:10","modified_gmt":"2025-09-23T07:02:10","slug":"unser-konzept","status":"publish","type":"page","link":"https:\/\/synkinoumai.gr\/deutsch\/?page_id=88","title":{"rendered":"Unser Konzept"},"content":{"rendered":"\t\t<div data-elementor-type=\"wp-page\" data-elementor-id=\"88\" class=\"elementor elementor-88\" data-elementor-settings=\"[]\">\n\t\t\t\t\t\t<div class=\"elementor-inner\">\n\t\t\t\t\t\t\t<div class=\"elementor-section-wrap\">\n\t\t\t\t\t\t\t<section class=\"elementor-section elementor-top-section elementor-element elementor-element-337792bd elementor-section-full_width elementor-section-stretched elementor-section-height-default elementor-section-height-default\" data-id=\"337792bd\" data-element_type=\"section\" data-settings=\"{&quot;background_background&quot;:&quot;classic&quot;,&quot;stretch_section&quot;:&quot;section-stretched&quot;}\">\n\t\t\t\t\t\t\t<div class=\"elementor-background-overlay\"><\/div>\n\t\t\t\t\t\t\t<div class=\"elementor-container elementor-column-gap-no\">\n\t\t\t\t\t\t\t<div class=\"elementor-row\">\n\t\t\t\t\t<main class=\"elementor-column elementor-col-100 elementor-top-column elementor-element elementor-element-469df85c\" data-id=\"469df85c\" data-element_type=\"column\">\n\t\t\t<div class=\"elementor-column-wrap elementor-element-populated\">\n\t\t\t\t\t\t\t<div class=\"elementor-widget-wrap\">\n\t\t\t\t\t\t<div class=\"elementor-element elementor-element-3ccc3471 elementor-drop-cap-yes elementor-drop-cap-view-default elementor-widget elementor-widget-text-editor\" data-id=\"3ccc3471\" data-element_type=\"widget\" data-settings=\"{&quot;drop_cap&quot;:&quot;yes&quot;}\" data-widget_type=\"text-editor.default\">\n\t\t\t\t<div class=\"elementor-widget-container\">\n\t\t\t\t\t\t\t\t<div class=\"elementor-text-editor elementor-clearfix\">\n\t\t\t\t<p>Meine Arbeit als Tanztherapeutin und psychologische Beraterin basiert auf Annahme, Empathie und der Authentizit\u00e4t des Menschen. Unsere Bewegung bezieht sich auf die Gegenwart. Ich habe keine feste Vorstellung dar\u00fcber, wie der Mensch sein sollte. Vielmehr glaube ich an die Einzigartigkeit jedes Individuums. Ich denke, dass jeder Mensch mit einer gewissen Anlage ins Leben kommt. H\u00e4ufig sind wir davon nicht bewusst und k\u00f6nnen diese F\u00e4higkeiten nicht entfalten. Die Tanztherapie offenbart und aktiviert dieses Potenzial mit dem Ziel der Selbsttherapie, denn grunds\u00e4chlich kommt die Heilung aus uns selbst. Der Verlauf meines Lebens f\u00fchrte mich dazu, dem zuzuh\u00f6ren und zu vertrauen, was ich nicht verbal ausdr\u00fccken konnte, aber was mein K\u00f6rper mir \u201ezuschrie\u201c. Mein psychischer Schmerz verursachte k\u00f6rperliche, aber auch psychische Starrheit, Terror, Panik und Krankheit. Alles, was nicht gesagt werden konnte, wurde verk\u00f6rpert und verursachte Symptome.<\/p><p>Das Leben ist voller Herausforderungen, die einen mit seinen \u2018D\u00e4monen\u2019 und Bestien konfrontieren. Sie wollen einen auf ihrer Seite haben. Schlie\u00dflich sind sie es gewohnt. Auch wenn diese von wilder Natur sind, sind sie einem vertraut. Gl\u00fcck f\u00fcr diejenigen, die die Gelegenheit haben, diese \u2018Bestien\u2018 auf ihrem Weg zu treffen und sich ihnen zu stellen. Dieses Zusammentreffen ist \u00fcberhaupt nicht einfach. Man f\u00fchlst sich, als ob die Erde sich unter seinen F\u00fc\u00dfen verschwinden w\u00fcrde, man f\u00fchlt sich leer, schwach vor den \u2018Bestien\u2018, die einen bewohnen. Der Schmerz ist stark, unertr\u00e4glich, man will weinen, schreien, aber es kommt nichts mehr heraus, weil man ersch\u00f6pft ist. Man denkt, dass man ausgesch\u00f6pft bist, dass man seinen Willen verloren hat, man denkt, dass die \u2018D\u00e4monen&#8217; st\u00e4rker sind als sich selber. Man hat sie so lange gef\u00fcttert. Und dann steht man seiner Schw\u00e4che gegen\u00fcber, vor dem absoluten Nichts. Der K\u00f6rper erwacht wie vor Lethargie, \u2018Bestien und D\u00e4monen\u2018 sind pl\u00f6tzlich geschrumpft, man bittet um Hilfe.<\/p><p>W\u00e4hrend all den Jahren fand ich diese Hilfe unter dem Obdach der Psychotherapie, Psychoanalyse und Tanztherapie. Als ich all diesen \u2018Bestien und D\u00e4monen\u2018 begegnet und mich damit konfrontiert hatte, was mich unbewusst bewegt und erschreckt hatte, schw\u00e4chten sie sich angesichts meiner eigenen St\u00e4rke ab. Jene St\u00e4rke haben meine Lehrer und Therapeuten bei mir erkannt und mich dessen bewusst gemacht. Ich wurde von ihnen inspiriert. Allm\u00e4hlich habe ich mich mit diesen furchtbaren Gestalten vers\u00f6hnt. Sie m\u00f6gen anwesend sein, aber sie bestimmen mich nicht. Ich bin all den Menschen dankbar, die mir geholfen und unterst\u00fctzt haben, Kraft durch mein eigenes Selbst zu sch\u00f6pfen und hinzunehmen, was ich nicht \u00e4ndern kann.<\/p><p>So wurde nach einer langen und turbulenten Reise, die kein Ende hat, das Zentrum f\u00fcr Tanztherapie SYN KINOUMAI gegr\u00fcndet. Das Wort SYN KINOUMAI im Griechischen ist ein Wortspiel und bedeutet <em>\u2018etwas r\u00fchrt mich<\/em>\u2018, aber auch <em>\u2018ich bewege mich mit dem anderen\u2019<\/em>.<\/p>\t\t\t\t\t<\/div>\n\t\t\t\t\t\t<\/div>\n\t\t\t\t<\/div>\n\t\t\t\t<div class=\"elementor-element elementor-element-6310e629 elementor-widget elementor-widget-spacer\" data-id=\"6310e629\" data-element_type=\"widget\" data-widget_type=\"spacer.default\">\n\t\t\t\t<div class=\"elementor-widget-container\">\n\t\t\t\t\t<div class=\"elementor-spacer\">\n\t\t\t<div class=\"elementor-spacer-inner\"><\/div>\n\t\t<\/div>\n\t\t\t\t<\/div>\n\t\t\t\t<\/div>\n\t\t\t\t<div class=\"elementor-element elementor-element-407a7156 elementor-widget elementor-widget-spacer\" data-id=\"407a7156\" data-element_type=\"widget\" data-widget_type=\"spacer.default\">\n\t\t\t\t<div class=\"elementor-widget-container\">\n\t\t\t\t\t<div class=\"elementor-spacer\">\n\t\t\t<div class=\"elementor-spacer-inner\"><\/div>\n\t\t<\/div>\n\t\t\t\t<\/div>\n\t\t\t\t<\/div>\n\t\t\t\t\t\t<\/div>\n\t\t\t\t\t<\/div>\n\t\t<\/main>\n\t\t\t\t\t\t\t\t<\/div>\n\t\t\t\t\t<\/div>\n\t\t<\/section>\n\t\t\t\t<section class=\"elementor-section elementor-top-section elementor-element elementor-element-4ef99715 elementor-section-boxed elementor-section-height-default elementor-section-height-default\" data-id=\"4ef99715\" data-element_type=\"section\" data-settings=\"{&quot;background_background&quot;:&quot;classic&quot;}\">\n\t\t\t\t\t\t<div class=\"elementor-container elementor-column-gap-no\">\n\t\t\t\t\t\t\t<div class=\"elementor-row\">\n\t\t\t\t\t<div class=\"elementor-column elementor-col-100 elementor-top-column elementor-element elementor-element-5b58e96\" data-id=\"5b58e96\" data-element_type=\"column\">\n\t\t\t<div class=\"elementor-column-wrap elementor-element-populated\">\n\t\t\t\t\t\t\t<div class=\"elementor-widget-wrap\">\n\t\t\t\t\t\t<section class=\"elementor-section elementor-inner-section elementor-element elementor-element-6e3575f0 elementor-section-content-middle elementor-section-height-min-height elementor-section-boxed elementor-section-height-default\" data-id=\"6e3575f0\" data-element_type=\"section\">\n\t\t\t\t\t\t<div class=\"elementor-container elementor-column-gap-no\">\n\t\t\t\t\t\t\t<div class=\"elementor-row\">\n\t\t\t\t\t<div class=\"elementor-column elementor-col-100 elementor-inner-column elementor-element elementor-element-3eeaaaa6\" data-id=\"3eeaaaa6\" data-element_type=\"column\" data-settings=\"{&quot;background_background&quot;:&quot;classic&quot;}\">\n\t\t\t<div class=\"elementor-column-wrap elementor-element-populated\">\n\t\t\t\t\t<div class=\"elementor-background-overlay\"><\/div>\n\t\t\t\t\t\t\t<div class=\"elementor-widget-wrap\">\n\t\t\t\t\t\t<div class=\"elementor-element elementor-element-3c598279 elementor-widget elementor-widget-spacer\" data-id=\"3c598279\" data-element_type=\"widget\" data-widget_type=\"spacer.default\">\n\t\t\t\t<div class=\"elementor-widget-container\">\n\t\t\t\t\t<div class=\"elementor-spacer\">\n\t\t\t<div class=\"elementor-spacer-inner\"><\/div>\n\t\t<\/div>\n\t\t\t\t<\/div>\n\t\t\t\t<\/div>\n\t\t\t\t\t\t<\/div>\n\t\t\t\t\t<\/div>\n\t\t<\/div>\n\t\t\t\t\t\t\t\t<\/div>\n\t\t\t\t\t<\/div>\n\t\t<\/section>\n\t\t\t\t\t\t<\/div>\n\t\t\t\t\t<\/div>\n\t\t<\/div>\n\t\t\t\t\t\t\t\t<\/div>\n\t\t\t\t\t<\/div>\n\t\t<\/section>\n\t\t\t\t<section class=\"elementor-section elementor-top-section elementor-element elementor-element-c82242d elementor-section-content-middle elementor-section-height-min-height elementor-section-boxed elementor-section-height-default elementor-section-items-middle\" data-id=\"c82242d\" data-element_type=\"section\" data-settings=\"{&quot;background_background&quot;:&quot;classic&quot;}\">\n\t\t\t\t\t\t\t<div class=\"elementor-background-overlay\"><\/div>\n\t\t\t\t\t\t\t<div class=\"elementor-container elementor-column-gap-default\">\n\t\t\t\t\t\t\t<div class=\"elementor-row\">\n\t\t\t\t\t<div class=\"elementor-column elementor-col-100 elementor-top-column elementor-element elementor-element-565d0e7\" data-id=\"565d0e7\" data-element_type=\"column\">\n\t\t\t<div class=\"elementor-column-wrap elementor-element-populated\">\n\t\t\t\t\t\t\t<div class=\"elementor-widget-wrap\">\n\t\t\t\t\t\t<section class=\"elementor-section elementor-inner-section elementor-element elementor-element-1d287630 elementor-section-content-middle elementor-reverse-mobile elementor-section-boxed elementor-section-height-default elementor-section-height-default\" data-id=\"1d287630\" data-element_type=\"section\" data-settings=\"{&quot;background_background&quot;:&quot;classic&quot;}\">\n\t\t\t\t\t\t<div class=\"elementor-container elementor-column-gap-no\">\n\t\t\t\t\t\t\t<div class=\"elementor-row\">\n\t\t\t\t\t<div class=\"elementor-column elementor-col-100 elementor-inner-column elementor-element elementor-element-5b0a859f\" data-id=\"5b0a859f\" data-element_type=\"column\" data-settings=\"{&quot;background_background&quot;:&quot;classic&quot;}\">\n\t\t\t<div class=\"elementor-column-wrap elementor-element-populated\">\n\t\t\t\t\t\t\t<div class=\"elementor-widget-wrap\">\n\t\t\t\t\t\t<div class=\"elementor-element elementor-element-4e6073a elementor-widget elementor-widget-heading\" data-id=\"4e6073a\" data-element_type=\"widget\" data-widget_type=\"heading.default\">\n\t\t\t\t<div class=\"elementor-widget-container\">\n\t\t\t<h3 class=\"elementor-heading-title elementor-size-medium\">''Wir haben die Kunst, damit wir nicht an der Wahrheit zugrunde gehen.''\n\n\n\n<\/h3>\t\t<\/div>\n\t\t\t\t<\/div>\n\t\t\t\t<div class=\"elementor-element elementor-element-9f4f810 elementor-widget elementor-widget-heading\" data-id=\"9f4f810\" data-element_type=\"widget\" data-widget_type=\"heading.default\">\n\t\t\t\t<div class=\"elementor-widget-container\">\n\t\t\t<h5 class=\"elementor-heading-title elementor-size-default\">Friedrich Nietzsche<\/h5>\t\t<\/div>\n\t\t\t\t<\/div>\n\t\t\t\t<div class=\"elementor-element elementor-element-6c96ed7 elementor-widget elementor-widget-heading\" data-id=\"6c96ed7\" data-element_type=\"widget\" data-widget_type=\"heading.default\">\n\t\t\t\t<div class=\"elementor-widget-container\">\n\t\t\t<h6 class=\"elementor-heading-title elementor-size-default\">Philosoph<\/h6>\t\t<\/div>\n\t\t\t\t<\/div>\n\t\t\t\t\t\t<\/div>\n\t\t\t\t\t<\/div>\n\t\t<\/div>\n\t\t\t\t\t\t\t\t<\/div>\n\t\t\t\t\t<\/div>\n\t\t<\/section>\n\t\t\t\t\t\t<\/div>\n\t\t\t\t\t<\/div>\n\t\t<\/div>\n\t\t\t\t\t\t\t\t<\/div>\n\t\t\t\t\t<\/div>\n\t\t<\/section>\n\t\t\t\t\t\t<\/div>\n\t\t\t\t\t\t<\/div>\n\t\t\t\t\t<\/div>\n\t\t","protected":false},"excerpt":{"rendered":"<p>Meine Arbeit als Tanztherapeutin und psychologische Beraterin basiert auf Annahme, Empathie und der Authentizit\u00e4t des Menschen. Unsere Bewegung bezieht sich auf die Gegenwart. Ich habe keine feste Vorstellung dar\u00fcber, wie der Mensch sein sollte. Vielmehr glaube ich an die Einzigartigkeit jedes Individuums. Ich denke, dass jeder Mensch mit einer gewissen Anlage ins Leben kommt. H\u00e4ufig [&hellip;]<\/p>\n","protected":false},"author":1,"featured_media":544,"parent":0,"menu_order":0,"comment_status":"closed","ping_status":"closed","template":"","meta":{"ocean_post_layout":"","ocean_both_sidebars_style":"","ocean_both_sidebars_content_width":0,"ocean_both_sidebars_sidebars_width":0,"ocean_sidebar":"0","ocean_second_sidebar":"0","ocean_disable_margins":"enable","ocean_add_body_class":"","ocean_shortcode_before_top_bar":"","ocean_shortcode_after_top_bar":"","ocean_shortcode_before_header":"","ocean_shortcode_after_header":"","ocean_has_shortcode":"","ocean_shortcode_after_title":"","ocean_shortcode_before_footer_widgets":"","ocean_shortcode_after_footer_widgets":"","ocean_shortcode_before_footer_bottom":"","ocean_shortcode_after_footer_bottom":"","ocean_display_top_bar":"default","ocean_display_header":"default","ocean_header_style":"","ocean_center_header_left_menu":"0","ocean_custom_header_template":"0","ocean_custom_logo":0,"ocean_custom_retina_logo":0,"ocean_custom_logo_max_width":0,"ocean_custom_logo_tablet_max_width":0,"ocean_custom_logo_mobile_max_width":0,"ocean_custom_logo_max_height":0,"ocean_custom_logo_tablet_max_height":0,"ocean_custom_logo_mobile_max_height":0,"ocean_header_custom_menu":"0","ocean_menu_typo_font_family":"0","ocean_menu_typo_font_subset":"","ocean_menu_typo_font_size":0,"ocean_menu_typo_font_size_tablet":0,"ocean_menu_typo_font_size_mobile":0,"ocean_menu_typo_font_size_unit":"px","ocean_menu_typo_font_weight":"","ocean_menu_typo_font_weight_tablet":"","ocean_menu_typo_font_weight_mobile":"","ocean_menu_typo_transform":"","ocean_menu_typo_transform_tablet":"","ocean_menu_typo_transform_mobile":"","ocean_menu_typo_line_height":0,"ocean_menu_typo_line_height_tablet":0,"ocean_menu_typo_line_height_mobile":0,"ocean_menu_typo_line_height_unit":"","ocean_menu_typo_spacing":0,"ocean_menu_typo_spacing_tablet":0,"ocean_menu_typo_spacing_mobile":0,"ocean_menu_typo_spacing_unit":"","ocean_menu_link_color":"","ocean_menu_link_color_hover":"","ocean_menu_link_color_active":"","ocean_menu_link_background":"","ocean_menu_link_hover_background":"","ocean_menu_link_active_background":"","ocean_menu_social_links_bg":"","ocean_menu_social_hover_links_bg":"","ocean_menu_social_links_color":"","ocean_menu_social_hover_links_color":"","ocean_disable_title":"default","ocean_disable_heading":"default","ocean_post_title":"","ocean_post_subheading":"","ocean_post_title_style":"","ocean_post_title_background_color":"","ocean_post_title_background":0,"ocean_post_title_bg_image_position":"","ocean_post_title_bg_image_attachment":"","ocean_post_title_bg_image_repeat":"","ocean_post_title_bg_image_size":"","ocean_post_title_height":0,"ocean_post_title_bg_overlay":0.5,"ocean_post_title_bg_overlay_color":"","ocean_disable_breadcrumbs":"default","ocean_breadcrumbs_color":"","ocean_breadcrumbs_separator_color":"","ocean_breadcrumbs_links_color":"","ocean_breadcrumbs_links_hover_color":"","ocean_display_footer_widgets":"default","ocean_display_footer_bottom":"default","ocean_custom_footer_template":"0","footnotes":""},"class_list":["post-88","page","type-page","status-publish","has-post-thumbnail","hentry","entry","has-media"],"yoast_head":"<!-- This site is optimized with the Yoast SEO plugin v18.0 - https:\/\/yoast.com\/wordpress\/plugins\/seo\/ -->\n<title>Unser Konzept - Syn Kinoumai<\/title>\n<meta name=\"description\" content=\"Meine Arbeit als Tanztherapeutin und psychologische Beraterin basiert auf Annahme, Empathie und der Authentizit\u00e4t des Menschen. Unsere Bewegung bezieht sich auf die Gegenwart. Ich habe keine feste Vorstellung dar\u00fcber, wie der Mensch sein sollte. Vielmehr glaube ich an die Einzigartigkeit jedes Individuums.\" \/>\n<meta name=\"robots\" content=\"index, follow, max-snippet:-1, max-image-preview:large, max-video-preview:-1\" \/>\n<link rel=\"canonical\" href=\"https:\/\/synkinoumai.gr\/deutsch\/?page_id=88\" \/>\n<meta property=\"og:locale\" content=\"el_GR\" \/>\n<meta property=\"og:type\" content=\"article\" \/>\n<meta property=\"og:title\" content=\"Unser Konzept - Syn Kinoumai\" \/>\n<meta property=\"og:description\" content=\"Meine Arbeit als Tanztherapeutin und psychologische Beraterin basiert auf Annahme, Empathie und der Authentizit\u00e4t des Menschen. Unsere Bewegung bezieht sich auf die Gegenwart. Ich habe keine feste Vorstellung dar\u00fcber, wie der Mensch sein sollte. Vielmehr glaube ich an die Einzigartigkeit jedes Individuums.\" \/>\n<meta property=\"og:url\" content=\"https:\/\/synkinoumai.gr\/deutsch\/?page_id=88\" \/>\n<meta property=\"og:site_name\" content=\"Syn Kinoumai\" \/>\n<meta property=\"article:publisher\" content=\"https:\/\/www.facebook.com\/koutiva\/\" \/>\n<meta property=\"article:modified_time\" content=\"2025-09-23T07:02:10+00:00\" \/>\n<meta property=\"og:image\" content=\"https:\/\/synkinoumai.gr\/deutsch\/wp-content\/uploads\/2020\/04\/IMG_5168.jpg\" \/>\n\t<meta property=\"og:image:width\" content=\"1378\" \/>\n\t<meta property=\"og:image:height\" content=\"1013\" \/>\n\t<meta property=\"og:image:type\" content=\"image\/jpeg\" \/>\n<meta name=\"twitter:card\" content=\"summary_large_image\" \/>\n<meta name=\"twitter:label1\" content=\"\u0395\u03ba\u03c4\u03b9\u03bc\u03ce\u03bc\u03b5\u03bd\u03bf\u03c2 \u03c7\u03c1\u03cc\u03bd\u03bf\u03c2 \u03b1\u03bd\u03ac\u03b3\u03bd\u03c9\u03c3\u03b7\u03c2\" \/>\n\t<meta name=\"twitter:data1\" content=\"3 \u03bb\u03b5\u03c0\u03c4\u03ac\" \/>\n<script type=\"application\/ld+json\" class=\"yoast-schema-graph\">{\"@context\":\"https:\/\/schema.org\",\"@graph\":[{\"@type\":\"Organization\",\"@id\":\"https:\/\/synkinoumai.gr\/deutsch\/#organization\",\"name\":\"syn kinoumai\",\"url\":\"https:\/\/synkinoumai.gr\/deutsch\/\",\"sameAs\":[\"https:\/\/www.facebook.com\/koutiva\/\"],\"logo\":{\"@type\":\"ImageObject\",\"@id\":\"https:\/\/synkinoumai.gr\/deutsch\/#logo\",\"inLanguage\":\"el\",\"url\":\"https:\/\/synkinoumai.gr\/deutsch\/wp-content\/uploads\/2020\/07\/bunner-main.jpg\",\"contentUrl\":\"https:\/\/synkinoumai.gr\/deutsch\/wp-content\/uploads\/2020\/07\/bunner-main.jpg\",\"width\":1024,\"height\":620,\"caption\":\"syn kinoumai\"},\"image\":{\"@id\":\"https:\/\/synkinoumai.gr\/deutsch\/#logo\"}},{\"@type\":\"WebSite\",\"@id\":\"https:\/\/synkinoumai.gr\/deutsch\/#website\",\"url\":\"https:\/\/synkinoumai.gr\/deutsch\/\",\"name\":\"Syn Kinoumai\",\"description\":\"\u039a\u03ad\u03bd\u03c4\u03c1\u03bf \u03a7\u03bf\u03c1\u03bf\u03b8\u03b5\u03c1\u03b1\u03c0\u03b5\u03af\u03b1\u03c2\",\"publisher\":{\"@id\":\"https:\/\/synkinoumai.gr\/deutsch\/#organization\"},\"potentialAction\":[{\"@type\":\"SearchAction\",\"target\":{\"@type\":\"EntryPoint\",\"urlTemplate\":\"https:\/\/synkinoumai.gr\/deutsch\/?s={search_term_string}\"},\"query-input\":\"required name=search_term_string\"}],\"inLanguage\":\"el\"},{\"@type\":\"ImageObject\",\"@id\":\"https:\/\/synkinoumai.gr\/deutsch\/?page_id=88#primaryimage\",\"inLanguage\":\"el\",\"url\":\"https:\/\/synkinoumai.gr\/deutsch\/wp-content\/uploads\/2020\/04\/IMG_5168.jpg\",\"contentUrl\":\"https:\/\/synkinoumai.gr\/deutsch\/wp-content\/uploads\/2020\/04\/IMG_5168.jpg\",\"width\":1378,\"height\":1013},{\"@type\":\"WebPage\",\"@id\":\"https:\/\/synkinoumai.gr\/deutsch\/?page_id=88#webpage\",\"url\":\"https:\/\/synkinoumai.gr\/deutsch\/?page_id=88\",\"name\":\"Unser Konzept - Syn Kinoumai\",\"isPartOf\":{\"@id\":\"https:\/\/synkinoumai.gr\/deutsch\/#website\"},\"primaryImageOfPage\":{\"@id\":\"https:\/\/synkinoumai.gr\/deutsch\/?page_id=88#primaryimage\"},\"datePublished\":\"2020-04-22T10:48:02+00:00\",\"dateModified\":\"2025-09-23T07:02:10+00:00\",\"description\":\"Meine Arbeit als Tanztherapeutin und psychologische Beraterin basiert auf Annahme, Empathie und der Authentizit\u00e4t des Menschen. Unsere Bewegung bezieht sich auf die Gegenwart. Ich habe keine feste Vorstellung dar\u00fcber, wie der Mensch sein sollte. Vielmehr glaube ich an die Einzigartigkeit jedes Individuums.\",\"breadcrumb\":{\"@id\":\"https:\/\/synkinoumai.gr\/deutsch\/?page_id=88#breadcrumb\"},\"inLanguage\":\"el\",\"potentialAction\":[{\"@type\":\"ReadAction\",\"target\":[\"https:\/\/synkinoumai.gr\/deutsch\/?page_id=88\"]}]},{\"@type\":\"BreadcrumbList\",\"@id\":\"https:\/\/synkinoumai.gr\/deutsch\/?page_id=88#breadcrumb\",\"itemListElement\":[{\"@type\":\"ListItem\",\"position\":1,\"name\":\"\u0391\u03c1\u03c7\u03b9\u03ba\u03ae\",\"item\":\"https:\/\/synkinoumai.gr\/deutsch\/\"},{\"@type\":\"ListItem\",\"position\":2,\"name\":\"Unser Konzept\"}]}]}<\/script>\n<!-- \/ Yoast SEO plugin. -->","yoast_head_json":{"title":"Unser Konzept - Syn Kinoumai","description":"Meine Arbeit als Tanztherapeutin und psychologische Beraterin basiert auf Annahme, Empathie und der Authentizit\u00e4t des Menschen. Unsere Bewegung bezieht sich auf die Gegenwart. Ich habe keine feste Vorstellung dar\u00fcber, wie der Mensch sein sollte. Vielmehr glaube ich an die Einzigartigkeit jedes Individuums.","robots":{"index":"index","follow":"follow","max-snippet":"max-snippet:-1","max-image-preview":"max-image-preview:large","max-video-preview":"max-video-preview:-1"},"canonical":"https:\/\/synkinoumai.gr\/deutsch\/?page_id=88","og_locale":"el_GR","og_type":"article","og_title":"Unser Konzept - Syn Kinoumai","og_description":"Meine Arbeit als Tanztherapeutin und psychologische Beraterin basiert auf Annahme, Empathie und der Authentizit\u00e4t des Menschen. Unsere Bewegung bezieht sich auf die Gegenwart. Ich habe keine feste Vorstellung dar\u00fcber, wie der Mensch sein sollte. Vielmehr glaube ich an die Einzigartigkeit jedes Individuums.","og_url":"https:\/\/synkinoumai.gr\/deutsch\/?page_id=88","og_site_name":"Syn Kinoumai","article_publisher":"https:\/\/www.facebook.com\/koutiva\/","article_modified_time":"2025-09-23T07:02:10+00:00","og_image":[{"width":1378,"height":1013,"url":"https:\/\/synkinoumai.gr\/deutsch\/wp-content\/uploads\/2020\/04\/IMG_5168.jpg","type":"image\/jpeg"}],"twitter_card":"summary_large_image","twitter_misc":{"\u0395\u03ba\u03c4\u03b9\u03bc\u03ce\u03bc\u03b5\u03bd\u03bf\u03c2 \u03c7\u03c1\u03cc\u03bd\u03bf\u03c2 \u03b1\u03bd\u03ac\u03b3\u03bd\u03c9\u03c3\u03b7\u03c2":"3 \u03bb\u03b5\u03c0\u03c4\u03ac"},"schema":{"@context":"https:\/\/schema.org","@graph":[{"@type":"Organization","@id":"https:\/\/synkinoumai.gr\/deutsch\/#organization","name":"syn kinoumai","url":"https:\/\/synkinoumai.gr\/deutsch\/","sameAs":["https:\/\/www.facebook.com\/koutiva\/"],"logo":{"@type":"ImageObject","@id":"https:\/\/synkinoumai.gr\/deutsch\/#logo","inLanguage":"el","url":"https:\/\/synkinoumai.gr\/deutsch\/wp-content\/uploads\/2020\/07\/bunner-main.jpg","contentUrl":"https:\/\/synkinoumai.gr\/deutsch\/wp-content\/uploads\/2020\/07\/bunner-main.jpg","width":1024,"height":620,"caption":"syn kinoumai"},"image":{"@id":"https:\/\/synkinoumai.gr\/deutsch\/#logo"}},{"@type":"WebSite","@id":"https:\/\/synkinoumai.gr\/deutsch\/#website","url":"https:\/\/synkinoumai.gr\/deutsch\/","name":"Syn Kinoumai","description":"\u039a\u03ad\u03bd\u03c4\u03c1\u03bf \u03a7\u03bf\u03c1\u03bf\u03b8\u03b5\u03c1\u03b1\u03c0\u03b5\u03af\u03b1\u03c2","publisher":{"@id":"https:\/\/synkinoumai.gr\/deutsch\/#organization"},"potentialAction":[{"@type":"SearchAction","target":{"@type":"EntryPoint","urlTemplate":"https:\/\/synkinoumai.gr\/deutsch\/?s={search_term_string}"},"query-input":"required name=search_term_string"}],"inLanguage":"el"},{"@type":"ImageObject","@id":"https:\/\/synkinoumai.gr\/deutsch\/?page_id=88#primaryimage","inLanguage":"el","url":"https:\/\/synkinoumai.gr\/deutsch\/wp-content\/uploads\/2020\/04\/IMG_5168.jpg","contentUrl":"https:\/\/synkinoumai.gr\/deutsch\/wp-content\/uploads\/2020\/04\/IMG_5168.jpg","width":1378,"height":1013},{"@type":"WebPage","@id":"https:\/\/synkinoumai.gr\/deutsch\/?page_id=88#webpage","url":"https:\/\/synkinoumai.gr\/deutsch\/?page_id=88","name":"Unser Konzept - Syn Kinoumai","isPartOf":{"@id":"https:\/\/synkinoumai.gr\/deutsch\/#website"},"primaryImageOfPage":{"@id":"https:\/\/synkinoumai.gr\/deutsch\/?page_id=88#primaryimage"},"datePublished":"2020-04-22T10:48:02+00:00","dateModified":"2025-09-23T07:02:10+00:00","description":"Meine Arbeit als Tanztherapeutin und psychologische Beraterin basiert auf Annahme, Empathie und der Authentizit\u00e4t des Menschen. Unsere Bewegung bezieht sich auf die Gegenwart. Ich habe keine feste Vorstellung dar\u00fcber, wie der Mensch sein sollte. Vielmehr glaube ich an die Einzigartigkeit jedes Individuums.","breadcrumb":{"@id":"https:\/\/synkinoumai.gr\/deutsch\/?page_id=88#breadcrumb"},"inLanguage":"el","potentialAction":[{"@type":"ReadAction","target":["https:\/\/synkinoumai.gr\/deutsch\/?page_id=88"]}]},{"@type":"BreadcrumbList","@id":"https:\/\/synkinoumai.gr\/deutsch\/?page_id=88#breadcrumb","itemListElement":[{"@type":"ListItem","position":1,"name":"\u0391\u03c1\u03c7\u03b9\u03ba\u03ae","item":"https:\/\/synkinoumai.gr\/deutsch\/"},{"@type":"ListItem","position":2,"name":"Unser Konzept"}]}]}},"_links":{"self":[{"href":"https:\/\/synkinoumai.gr\/deutsch\/index.php?rest_route=\/wp\/v2\/pages\/88","targetHints":{"allow":["GET"]}}],"collection":[{"href":"https:\/\/synkinoumai.gr\/deutsch\/index.php?rest_route=\/wp\/v2\/pages"}],"about":[{"href":"https:\/\/synkinoumai.gr\/deutsch\/index.php?rest_route=\/wp\/v2\/types\/page"}],"author":[{"embeddable":true,"href":"https:\/\/synkinoumai.gr\/deutsch\/index.php?rest_route=\/wp\/v2\/users\/1"}],"replies":[{"embeddable":true,"href":"https:\/\/synkinoumai.gr\/deutsch\/index.php?rest_route=%2Fwp%2Fv2%2Fcomments&post=88"}],"version-history":[{"count":113,"href":"https:\/\/synkinoumai.gr\/deutsch\/index.php?rest_route=\/wp\/v2\/pages\/88\/revisions"}],"predecessor-version":[{"id":4652,"href":"https:\/\/synkinoumai.gr\/deutsch\/index.php?rest_route=\/wp\/v2\/pages\/88\/revisions\/4652"}],"wp:featuredmedia":[{"embeddable":true,"href":"https:\/\/synkinoumai.gr\/deutsch\/index.php?rest_route=\/wp\/v2\/media\/544"}],"wp:attachment":[{"href":"https:\/\/synkinoumai.gr\/deutsch\/index.php?rest_route=%2Fwp%2Fv2%2Fmedia&parent=88"}],"curies":[{"name":"wp","href":"https:\/\/api.w.org\/{rel}","templated":true}]}}