{"id":384,"date":"2020-04-23T08:54:01","date_gmt":"2020-04-23T08:54:01","guid":{"rendered":"https:\/\/synkinoumai.gr\/?page_id=384"},"modified":"2020-09-09T08:08:21","modified_gmt":"2020-09-09T08:08:21","slug":"ziele-und-anwendungsbereiche-der-tanztherapie","status":"publish","type":"page","link":"https:\/\/synkinoumai.gr\/deutsch\/?page_id=384","title":{"rendered":"Ziele und Anwendungsbereiche der Tanztherapie"},"content":{"rendered":"\t\t<div data-elementor-type=\"wp-page\" data-elementor-id=\"384\" class=\"elementor elementor-384\" data-elementor-settings=\"[]\">\n\t\t\t\t\t\t<div class=\"elementor-inner\">\n\t\t\t\t\t\t\t<div class=\"elementor-section-wrap\">\n\t\t\t\t\t\t\t<section class=\"elementor-section elementor-top-section elementor-element elementor-element-4563fdb6 elementor-section-content-middle elementor-section-stretched elementor-section-boxed elementor-section-height-default elementor-section-height-default\" data-id=\"4563fdb6\" data-element_type=\"section\" data-settings=\"{&quot;background_background&quot;:&quot;classic&quot;,&quot;stretch_section&quot;:&quot;section-stretched&quot;}\">\n\t\t\t\t\t\t\t<div class=\"elementor-background-overlay\"><\/div>\n\t\t\t\t\t\t\t<div class=\"elementor-container elementor-column-gap-extended\">\n\t\t\t\t\t\t\t<div class=\"elementor-row\">\n\t\t\t\t\t<div class=\"elementor-column elementor-col-50 elementor-top-column elementor-element elementor-element-1789ae41\" data-id=\"1789ae41\" data-element_type=\"column\">\n\t\t\t<div class=\"elementor-column-wrap elementor-element-populated\">\n\t\t\t\t\t\t\t<div class=\"elementor-widget-wrap\">\n\t\t\t\t\t\t<div class=\"elementor-element elementor-element-1e297c6e elementor-widget elementor-widget-heading\" data-id=\"1e297c6e\" data-element_type=\"widget\" data-widget_type=\"heading.default\">\n\t\t\t\t<div class=\"elementor-widget-container\">\n\t\t\t<h3 class=\"elementor-heading-title elementor-size-large\">Ziele der Tanztherapie <\/h3>\t\t<\/div>\n\t\t\t\t<\/div>\n\t\t\t\t<div class=\"elementor-element elementor-element-3e4524 elementor-widget-divider--view-line elementor-widget elementor-widget-divider\" data-id=\"3e4524\" data-element_type=\"widget\" data-widget_type=\"divider.default\">\n\t\t\t\t<div class=\"elementor-widget-container\">\n\t\t\t\t\t<div class=\"elementor-divider\">\n\t\t\t<span class=\"elementor-divider-separator\">\n\t\t\t\t\t\t<\/span>\n\t\t<\/div>\n\t\t\t\t<\/div>\n\t\t\t\t<\/div>\n\t\t\t\t<div class=\"elementor-element elementor-element-dbb76ce elementor-widget elementor-widget-text-editor\" data-id=\"dbb76ce\" data-element_type=\"widget\" data-widget_type=\"text-editor.default\">\n\t\t\t\t<div class=\"elementor-widget-container\">\n\t\t\t\t\t\t\t\t<div class=\"elementor-text-editor elementor-clearfix\">\n\t\t\t\t<ul><li>Verbesserung der Beziehung zu unserem K\u00f6rper<\/li><li>Entdeckung des Selbst durch Bewegungsausdruck und F\u00f6rderung der authentischen Bewegung<\/li><li>Bewusstwerdung, Akzeptanz und Freisetzung von unterdr\u00fcckten und unbewussten Emotionen und Konflikten<\/li><li>Stress Abbauen und Entspannung<\/li><li>St\u00e4rkung des Selbstbewusstseins, St\u00e4rkung des Selbstwertgef\u00fchls und des Selbstbewusstseins<\/li><li>Pr\u00e4vention und Behandlung von psychischen, emotionalen und psychosomatischen Problemen wie Depressionen, Angstzust\u00e4nden und Essst\u00f6rungen u.a.<\/li><li>Erwerb neuer M\u00f6glichkeiten von Beziehungsgestaltung\/Handlungskompetenzen<\/li><li>Freude und Genie\u00dfen unseres Daseins<\/li><\/ul>\t\t\t\t\t<\/div>\n\t\t\t\t\t\t<\/div>\n\t\t\t\t<\/div>\n\t\t\t\t\t\t<\/div>\n\t\t\t\t\t<\/div>\n\t\t<\/div>\n\t\t\t\t<div class=\"elementor-column elementor-col-50 elementor-top-column elementor-element elementor-element-37acac2c\" data-id=\"37acac2c\" data-element_type=\"column\">\n\t\t\t<div class=\"elementor-column-wrap elementor-element-populated\">\n\t\t\t\t\t\t\t<div class=\"elementor-widget-wrap\">\n\t\t\t\t\t\t<div class=\"elementor-element elementor-element-055d8de elementor-widget elementor-widget-image\" data-id=\"055d8de\" data-element_type=\"widget\" data-widget_type=\"image.default\">\n\t\t\t\t<div class=\"elementor-widget-container\">\n\t\t\t\t\t\t\t\t<div class=\"elementor-image\">\n\t\t\t\t\t\t\t\t\t\t\t\t<img loading=\"lazy\" decoding=\"async\" width=\"1134\" height=\"1214\" src=\"https:\/\/synkinoumai.gr\/deutsch\/wp-content\/uploads\/2020\/07\/DSC06680\u03b1\u03b1\u03b1-1.jpg\" class=\"attachment-full size-full\" alt=\"\" srcset=\"https:\/\/synkinoumai.gr\/deutsch\/wp-content\/uploads\/2020\/07\/DSC06680\u03b1\u03b1\u03b1-1.jpg 1134w, https:\/\/synkinoumai.gr\/deutsch\/wp-content\/uploads\/2020\/07\/DSC06680\u03b1\u03b1\u03b1-1-280x300.jpg 280w, https:\/\/synkinoumai.gr\/deutsch\/wp-content\/uploads\/2020\/07\/DSC06680\u03b1\u03b1\u03b1-1-957x1024.jpg 957w, https:\/\/synkinoumai.gr\/deutsch\/wp-content\/uploads\/2020\/07\/DSC06680\u03b1\u03b1\u03b1-1-768x822.jpg 768w\" sizes=\"auto, (max-width: 1134px) 100vw, 1134px\" \/>\t\t\t\t\t\t\t\t\t\t\t\t\t\t<\/div>\n\t\t\t\t\t\t<\/div>\n\t\t\t\t<\/div>\n\t\t\t\t\t\t<\/div>\n\t\t\t\t\t<\/div>\n\t\t<\/div>\n\t\t\t\t\t\t\t\t<\/div>\n\t\t\t\t\t<\/div>\n\t\t<\/section>\n\t\t\t\t<section class=\"elementor-section elementor-top-section elementor-element elementor-element-5acfea8c elementor-section-content-middle elementor-reverse-mobile elementor-section-full_width elementor-section-height-default elementor-section-height-default\" data-id=\"5acfea8c\" data-element_type=\"section\" data-settings=\"{&quot;background_background&quot;:&quot;classic&quot;}\">\n\t\t\t\t\t\t<div class=\"elementor-container elementor-column-gap-no\">\n\t\t\t\t\t\t\t<div class=\"elementor-row\">\n\t\t\t\t\t<div class=\"elementor-column elementor-col-50 elementor-top-column elementor-element elementor-element-4aa77ea\" data-id=\"4aa77ea\" data-element_type=\"column\" data-settings=\"{&quot;background_background&quot;:&quot;classic&quot;}\">\n\t\t\t<div class=\"elementor-column-wrap elementor-element-populated\">\n\t\t\t\t\t\t\t<div class=\"elementor-widget-wrap\">\n\t\t\t\t\t\t<div class=\"elementor-element elementor-element-1ed0b43f elementor-widget elementor-widget-heading\" data-id=\"1ed0b43f\" data-element_type=\"widget\" data-widget_type=\"heading.default\">\n\t\t\t\t<div class=\"elementor-widget-container\">\n\t\t\t<h3 class=\"elementor-heading-title elementor-size-large\">Anwendungsbereiche der Tanztherapie<\/h3>\t\t<\/div>\n\t\t\t\t<\/div>\n\t\t\t\t<div class=\"elementor-element elementor-element-675ed32a elementor-widget elementor-widget-text-editor\" data-id=\"675ed32a\" data-element_type=\"widget\" data-widget_type=\"text-editor.default\">\n\t\t\t\t<div class=\"elementor-widget-container\">\n\t\t\t\t\t\t\t\t<div class=\"elementor-text-editor elementor-clearfix\">\n\t\t\t\t<p>Die Tanztherapie richtet sich an jedes Alter und jede Bev\u00f6lkerungsgruppe (M\u00fctter und S\u00e4uglinge, Kinder, Jugendliche, Paare und Familien). Es kann als selbstst\u00e4ndige, parallele oder erg\u00e4nzende Therapie, einzeln oder in Gruppen angewandt werden. Die Einsatzbereiche sind vielf\u00e4ltig, einige der wichtigsten: Geriatrie, Psychiatrie, sonderp\u00e4dagogische Einrichtungen, Suchteinrichtungen, Onkologie, Neurologie, Rehabilitation, Neurosen, Krebserkrankungen, Beratung.<\/p><p>Als Tanztherapeut arbeitet man sowohl mit Personen, die an k\u00f6rperlichen oder psychischen Problemen leiden, als auch mit Personen, die sich mittels Bewegung und Tanz kreativ ausdr\u00fccken wollen und auf Selbsterkenntnis hinzielen. Es werden dabei keine Fachkenntnisse oder Erfahrung\u00a0in Bewegung oder Tanz vorausgesetzt.<\/p>\t\t\t\t\t<\/div>\n\t\t\t\t\t\t<\/div>\n\t\t\t\t<\/div>\n\t\t\t\t\t\t<\/div>\n\t\t\t\t\t<\/div>\n\t\t<\/div>\n\t\t\t\t<div class=\"elementor-column elementor-col-50 elementor-top-column elementor-element elementor-element-27ff956d\" data-id=\"27ff956d\" data-element_type=\"column\">\n\t\t\t<div class=\"elementor-column-wrap elementor-element-populated\">\n\t\t\t\t\t\t\t<div class=\"elementor-widget-wrap\">\n\t\t\t\t\t\t<div class=\"elementor-element elementor-element-28239d46 elementor-widget elementor-widget-image\" data-id=\"28239d46\" data-element_type=\"widget\" data-widget_type=\"image.default\">\n\t\t\t\t<div class=\"elementor-widget-container\">\n\t\t\t\t\t\t\t\t<div class=\"elementor-image\">\n\t\t\t\t\t\t\t\t\t\t\t\t<img loading=\"lazy\" decoding=\"async\" width=\"768\" height=\"1024\" src=\"https:\/\/synkinoumai.gr\/deutsch\/wp-content\/uploads\/2020\/04\/IMG_5326-768x1024.jpg\" class=\"attachment-large size-large\" alt=\"\" srcset=\"https:\/\/synkinoumai.gr\/deutsch\/wp-content\/uploads\/2020\/04\/IMG_5326-768x1024.jpg 768w, https:\/\/synkinoumai.gr\/deutsch\/wp-content\/uploads\/2020\/04\/IMG_5326-225x300.jpg 225w, https:\/\/synkinoumai.gr\/deutsch\/wp-content\/uploads\/2020\/04\/IMG_5326-1152x1536.jpg 1152w, https:\/\/synkinoumai.gr\/deutsch\/wp-content\/uploads\/2020\/04\/IMG_5326-1536x2048.jpg 1536w, https:\/\/synkinoumai.gr\/deutsch\/wp-content\/uploads\/2020\/04\/IMG_5326-scaled.jpg 1920w\" sizes=\"auto, (max-width: 768px) 100vw, 768px\" \/>\t\t\t\t\t\t\t\t\t\t\t\t\t\t<\/div>\n\t\t\t\t\t\t<\/div>\n\t\t\t\t<\/div>\n\t\t\t\t\t\t<\/div>\n\t\t\t\t\t<\/div>\n\t\t<\/div>\n\t\t\t\t\t\t\t\t<\/div>\n\t\t\t\t\t<\/div>\n\t\t<\/section>\n\t\t\t\t<section class=\"elementor-section elementor-top-section elementor-element elementor-element-bdc8194 elementor-section-content-middle elementor-section-height-min-height elementor-section-boxed elementor-section-height-default elementor-section-items-middle\" data-id=\"bdc8194\" data-element_type=\"section\" data-settings=\"{&quot;background_background&quot;:&quot;classic&quot;}\">\n\t\t\t\t\t\t\t<div class=\"elementor-background-overlay\"><\/div>\n\t\t\t\t\t\t\t<div class=\"elementor-container elementor-column-gap-default\">\n\t\t\t\t\t\t\t<div class=\"elementor-row\">\n\t\t\t\t\t<div class=\"elementor-column elementor-col-100 elementor-top-column elementor-element elementor-element-543a2e3\" data-id=\"543a2e3\" data-element_type=\"column\">\n\t\t\t<div class=\"elementor-column-wrap elementor-element-populated\">\n\t\t\t\t\t\t\t<div class=\"elementor-widget-wrap\">\n\t\t\t\t\t\t<div class=\"elementor-element elementor-element-b74505d elementor-widget elementor-widget-heading\" data-id=\"b74505d\" data-element_type=\"widget\" data-widget_type=\"heading.default\">\n\t\t\t\t<div class=\"elementor-widget-container\">\n\t\t\t<h3 class=\"elementor-heading-title elementor-size-medium\">''Wenn der Tanz aus uns entsteht und von dem Wunsch gekennzeichnet ist, uns innerlich zu \u00e4ndern, dann verf\u00fcgt er \u00fcber eine gro\u00dfe Macht, die Verstand und Seele heilt.''.\n\n\n<\/h3>\t\t<\/div>\n\t\t\t\t<\/div>\n\t\t\t\t<section class=\"elementor-section elementor-inner-section elementor-element elementor-element-d757167 elementor-section-content-middle elementor-reverse-mobile elementor-section-boxed elementor-section-height-default elementor-section-height-default\" data-id=\"d757167\" data-element_type=\"section\" data-settings=\"{&quot;background_background&quot;:&quot;classic&quot;}\">\n\t\t\t\t\t\t<div class=\"elementor-container elementor-column-gap-no\">\n\t\t\t\t\t\t\t<div class=\"elementor-row\">\n\t\t\t\t\t<div class=\"elementor-column elementor-col-100 elementor-inner-column elementor-element elementor-element-8a21641\" data-id=\"8a21641\" data-element_type=\"column\" data-settings=\"{&quot;background_background&quot;:&quot;classic&quot;}\">\n\t\t\t<div class=\"elementor-column-wrap elementor-element-populated\">\n\t\t\t\t\t\t\t<div class=\"elementor-widget-wrap\">\n\t\t\t\t\t\t<div class=\"elementor-element elementor-element-97908d5 elementor-widget elementor-widget-heading\" data-id=\"97908d5\" data-element_type=\"widget\" data-widget_type=\"heading.default\">\n\t\t\t\t<div class=\"elementor-widget-container\">\n\t\t\t<h5 class=\"elementor-heading-title elementor-size-default\">Anna Halprin<\/h5>\t\t<\/div>\n\t\t\t\t<\/div>\n\t\t\t\t<div class=\"elementor-element elementor-element-d14f11e elementor-widget elementor-widget-heading\" data-id=\"d14f11e\" data-element_type=\"widget\" data-widget_type=\"heading.default\">\n\t\t\t\t<div class=\"elementor-widget-container\">\n\t\t\t<h6 class=\"elementor-heading-title elementor-size-default\">T\u00e4nzerin, Choreographin<\/h6>\t\t<\/div>\n\t\t\t\t<\/div>\n\t\t\t\t\t\t<\/div>\n\t\t\t\t\t<\/div>\n\t\t<\/div>\n\t\t\t\t\t\t\t\t<\/div>\n\t\t\t\t\t<\/div>\n\t\t<\/section>\n\t\t\t\t\t\t<\/div>\n\t\t\t\t\t<\/div>\n\t\t<\/div>\n\t\t\t\t\t\t\t\t<\/div>\n\t\t\t\t\t<\/div>\n\t\t<\/section>\n\t\t\t\t\t\t<\/div>\n\t\t\t\t\t\t<\/div>\n\t\t\t\t\t<\/div>\n\t\t","protected":false},"excerpt":{"rendered":"<p>Ziele der Tanztherapie Verbesserung der Beziehung zu unserem K\u00f6rper Entdeckung des Selbst durch Bewegungsausdruck und F\u00f6rderung der authentischen Bewegung Bewusstwerdung, Akzeptanz und Freisetzung von unterdr\u00fcckten und unbewussten Emotionen und Konflikten Stress Abbauen und Entspannung St\u00e4rkung des Selbstbewusstseins, St\u00e4rkung des Selbstwertgef\u00fchls und des Selbstbewusstseins Pr\u00e4vention und Behandlung von psychischen, emotionalen und psychosomatischen Problemen wie Depressionen, Angstzust\u00e4nden [&hellip;]<\/p>\n","protected":false},"author":1,"featured_media":4021,"parent":0,"menu_order":0,"comment_status":"closed","ping_status":"closed","template":"","meta":{"ocean_post_layout":"","ocean_both_sidebars_style":"","ocean_both_sidebars_content_width":0,"ocean_both_sidebars_sidebars_width":0,"ocean_sidebar":"0","ocean_second_sidebar":"0","ocean_disable_margins":"enable","ocean_add_body_class":"","ocean_shortcode_before_top_bar":"","ocean_shortcode_after_top_bar":"","ocean_shortcode_before_header":"","ocean_shortcode_after_header":"","ocean_has_shortcode":"","ocean_shortcode_after_title":"","ocean_shortcode_before_footer_widgets":"","ocean_shortcode_after_footer_widgets":"","ocean_shortcode_before_footer_bottom":"","ocean_shortcode_after_footer_bottom":"","ocean_display_top_bar":"default","ocean_display_header":"default","ocean_header_style":"","ocean_center_header_left_menu":"0","ocean_custom_header_template":"0","ocean_custom_logo":0,"ocean_custom_retina_logo":0,"ocean_custom_logo_max_width":0,"ocean_custom_logo_tablet_max_width":0,"ocean_custom_logo_mobile_max_width":0,"ocean_custom_logo_max_height":0,"ocean_custom_logo_tablet_max_height":0,"ocean_custom_logo_mobile_max_height":0,"ocean_header_custom_menu":"0","ocean_menu_typo_font_family":"0","ocean_menu_typo_font_subset":"","ocean_menu_typo_font_size":0,"ocean_menu_typo_font_size_tablet":0,"ocean_menu_typo_font_size_mobile":0,"ocean_menu_typo_font_size_unit":"px","ocean_menu_typo_font_weight":"","ocean_menu_typo_font_weight_tablet":"","ocean_menu_typo_font_weight_mobile":"","ocean_menu_typo_transform":"","ocean_menu_typo_transform_tablet":"","ocean_menu_typo_transform_mobile":"","ocean_menu_typo_line_height":0,"ocean_menu_typo_line_height_tablet":0,"ocean_menu_typo_line_height_mobile":0,"ocean_menu_typo_line_height_unit":"","ocean_menu_typo_spacing":0,"ocean_menu_typo_spacing_tablet":0,"ocean_menu_typo_spacing_mobile":0,"ocean_menu_typo_spacing_unit":"","ocean_menu_link_color":"","ocean_menu_link_color_hover":"","ocean_menu_link_color_active":"","ocean_menu_link_background":"","ocean_menu_link_hover_background":"","ocean_menu_link_active_background":"","ocean_menu_social_links_bg":"","ocean_menu_social_hover_links_bg":"","ocean_menu_social_links_color":"","ocean_menu_social_hover_links_color":"","ocean_disable_title":"default","ocean_disable_heading":"default","ocean_post_title":"","ocean_post_subheading":"","ocean_post_title_style":"","ocean_post_title_background_color":"","ocean_post_title_background":0,"ocean_post_title_bg_image_position":"","ocean_post_title_bg_image_attachment":"","ocean_post_title_bg_image_repeat":"","ocean_post_title_bg_image_size":"","ocean_post_title_height":0,"ocean_post_title_bg_overlay":0.5,"ocean_post_title_bg_overlay_color":"","ocean_disable_breadcrumbs":"default","ocean_breadcrumbs_color":"","ocean_breadcrumbs_separator_color":"","ocean_breadcrumbs_links_color":"","ocean_breadcrumbs_links_hover_color":"","ocean_display_footer_widgets":"default","ocean_display_footer_bottom":"default","ocean_custom_footer_template":"0","footnotes":""},"class_list":["post-384","page","type-page","status-publish","has-post-thumbnail","hentry","entry","has-media"],"yoast_head":"<!-- This site is optimized with the Yoast SEO plugin v18.0 - https:\/\/yoast.com\/wordpress\/plugins\/seo\/ -->\n<title>Ziele und Anwendungsbereiche der Tanztherapie - Syn Kinoumai<\/title>\n<meta name=\"description\" content=\"Die Tanztherapie richtet sich an jedes Alter und jede Bev\u00f6lkerungsgruppe (M\u00fctter und S\u00e4uglinge, Kinder, Jugendliche, Paare und Familien).\" \/>\n<meta name=\"robots\" content=\"index, follow, max-snippet:-1, max-image-preview:large, max-video-preview:-1\" \/>\n<link rel=\"canonical\" href=\"https:\/\/synkinoumai.gr\/deutsch\/?page_id=384\" \/>\n<meta property=\"og:locale\" content=\"el_GR\" \/>\n<meta property=\"og:type\" content=\"article\" \/>\n<meta property=\"og:title\" content=\"Ziele und Anwendungsbereiche der Tanztherapie - Syn Kinoumai\" \/>\n<meta property=\"og:description\" content=\"Die Tanztherapie richtet sich an jedes Alter und jede Bev\u00f6lkerungsgruppe (M\u00fctter und S\u00e4uglinge, Kinder, Jugendliche, Paare und Familien).\" \/>\n<meta property=\"og:url\" content=\"https:\/\/synkinoumai.gr\/deutsch\/?page_id=384\" \/>\n<meta property=\"og:site_name\" content=\"Syn Kinoumai\" \/>\n<meta property=\"article:publisher\" content=\"https:\/\/www.facebook.com\/koutiva\/\" \/>\n<meta property=\"article:modified_time\" content=\"2020-09-09T08:08:21+00:00\" \/>\n<meta property=\"og:image\" content=\"https:\/\/synkinoumai.gr\/deutsch\/wp-content\/uploads\/2020\/07\/DSC06680\u03b1\u03b1\u03b1-1.jpg\" \/>\n\t<meta property=\"og:image:width\" content=\"1134\" \/>\n\t<meta property=\"og:image:height\" content=\"1214\" \/>\n\t<meta property=\"og:image:type\" content=\"image\/jpeg\" \/>\n<meta name=\"twitter:card\" content=\"summary_large_image\" \/>\n<meta name=\"twitter:label1\" content=\"\u0395\u03ba\u03c4\u03b9\u03bc\u03ce\u03bc\u03b5\u03bd\u03bf\u03c2 \u03c7\u03c1\u03cc\u03bd\u03bf\u03c2 \u03b1\u03bd\u03ac\u03b3\u03bd\u03c9\u03c3\u03b7\u03c2\" \/>\n\t<meta name=\"twitter:data1\" content=\"1 \u03bb\u03b5\u03c0\u03c4\u03cc\" \/>\n<script type=\"application\/ld+json\" class=\"yoast-schema-graph\">{\"@context\":\"https:\/\/schema.org\",\"@graph\":[{\"@type\":\"Organization\",\"@id\":\"https:\/\/synkinoumai.gr\/deutsch\/#organization\",\"name\":\"syn kinoumai\",\"url\":\"https:\/\/synkinoumai.gr\/deutsch\/\",\"sameAs\":[\"https:\/\/www.facebook.com\/koutiva\/\"],\"logo\":{\"@type\":\"ImageObject\",\"@id\":\"https:\/\/synkinoumai.gr\/deutsch\/#logo\",\"inLanguage\":\"el\",\"url\":\"https:\/\/synkinoumai.gr\/deutsch\/wp-content\/uploads\/2020\/07\/bunner-main.jpg\",\"contentUrl\":\"https:\/\/synkinoumai.gr\/deutsch\/wp-content\/uploads\/2020\/07\/bunner-main.jpg\",\"width\":1024,\"height\":620,\"caption\":\"syn kinoumai\"},\"image\":{\"@id\":\"https:\/\/synkinoumai.gr\/deutsch\/#logo\"}},{\"@type\":\"WebSite\",\"@id\":\"https:\/\/synkinoumai.gr\/deutsch\/#website\",\"url\":\"https:\/\/synkinoumai.gr\/deutsch\/\",\"name\":\"Syn Kinoumai\",\"description\":\"\u039a\u03ad\u03bd\u03c4\u03c1\u03bf \u03a7\u03bf\u03c1\u03bf\u03b8\u03b5\u03c1\u03b1\u03c0\u03b5\u03af\u03b1\u03c2\",\"publisher\":{\"@id\":\"https:\/\/synkinoumai.gr\/deutsch\/#organization\"},\"potentialAction\":[{\"@type\":\"SearchAction\",\"target\":{\"@type\":\"EntryPoint\",\"urlTemplate\":\"https:\/\/synkinoumai.gr\/deutsch\/?s={search_term_string}\"},\"query-input\":\"required name=search_term_string\"}],\"inLanguage\":\"el\"},{\"@type\":\"ImageObject\",\"@id\":\"https:\/\/synkinoumai.gr\/deutsch\/?page_id=384#primaryimage\",\"inLanguage\":\"el\",\"url\":\"https:\/\/synkinoumai.gr\/deutsch\/wp-content\/uploads\/2020\/07\/DSC06680\u03b1\u03b1\u03b1-1.jpg\",\"contentUrl\":\"https:\/\/synkinoumai.gr\/deutsch\/wp-content\/uploads\/2020\/07\/DSC06680\u03b1\u03b1\u03b1-1.jpg\",\"width\":1134,\"height\":1214},{\"@type\":\"WebPage\",\"@id\":\"https:\/\/synkinoumai.gr\/deutsch\/?page_id=384#webpage\",\"url\":\"https:\/\/synkinoumai.gr\/deutsch\/?page_id=384\",\"name\":\"Ziele und Anwendungsbereiche der Tanztherapie - Syn Kinoumai\",\"isPartOf\":{\"@id\":\"https:\/\/synkinoumai.gr\/deutsch\/#website\"},\"primaryImageOfPage\":{\"@id\":\"https:\/\/synkinoumai.gr\/deutsch\/?page_id=384#primaryimage\"},\"datePublished\":\"2020-04-23T08:54:01+00:00\",\"dateModified\":\"2020-09-09T08:08:21+00:00\",\"description\":\"Die Tanztherapie richtet sich an jedes Alter und jede Bev\u00f6lkerungsgruppe (M\u00fctter und S\u00e4uglinge, Kinder, Jugendliche, Paare und Familien).\",\"breadcrumb\":{\"@id\":\"https:\/\/synkinoumai.gr\/deutsch\/?page_id=384#breadcrumb\"},\"inLanguage\":\"el\",\"potentialAction\":[{\"@type\":\"ReadAction\",\"target\":[\"https:\/\/synkinoumai.gr\/deutsch\/?page_id=384\"]}]},{\"@type\":\"BreadcrumbList\",\"@id\":\"https:\/\/synkinoumai.gr\/deutsch\/?page_id=384#breadcrumb\",\"itemListElement\":[{\"@type\":\"ListItem\",\"position\":1,\"name\":\"\u0391\u03c1\u03c7\u03b9\u03ba\u03ae\",\"item\":\"https:\/\/synkinoumai.gr\/deutsch\/\"},{\"@type\":\"ListItem\",\"position\":2,\"name\":\"Ziele und Anwendungsbereiche der Tanztherapie\"}]}]}<\/script>\n<!-- \/ Yoast SEO plugin. -->","yoast_head_json":{"title":"Ziele und Anwendungsbereiche der Tanztherapie - Syn Kinoumai","description":"Die Tanztherapie richtet sich an jedes Alter und jede Bev\u00f6lkerungsgruppe (M\u00fctter und S\u00e4uglinge, Kinder, Jugendliche, Paare und Familien).","robots":{"index":"index","follow":"follow","max-snippet":"max-snippet:-1","max-image-preview":"max-image-preview:large","max-video-preview":"max-video-preview:-1"},"canonical":"https:\/\/synkinoumai.gr\/deutsch\/?page_id=384","og_locale":"el_GR","og_type":"article","og_title":"Ziele und Anwendungsbereiche der Tanztherapie - Syn Kinoumai","og_description":"Die Tanztherapie richtet sich an jedes Alter und jede Bev\u00f6lkerungsgruppe (M\u00fctter und S\u00e4uglinge, Kinder, Jugendliche, Paare und Familien).","og_url":"https:\/\/synkinoumai.gr\/deutsch\/?page_id=384","og_site_name":"Syn Kinoumai","article_publisher":"https:\/\/www.facebook.com\/koutiva\/","article_modified_time":"2020-09-09T08:08:21+00:00","og_image":[{"width":1134,"height":1214,"url":"https:\/\/synkinoumai.gr\/deutsch\/wp-content\/uploads\/2020\/07\/DSC06680\u03b1\u03b1\u03b1-1.jpg","type":"image\/jpeg"}],"twitter_card":"summary_large_image","twitter_misc":{"\u0395\u03ba\u03c4\u03b9\u03bc\u03ce\u03bc\u03b5\u03bd\u03bf\u03c2 \u03c7\u03c1\u03cc\u03bd\u03bf\u03c2 \u03b1\u03bd\u03ac\u03b3\u03bd\u03c9\u03c3\u03b7\u03c2":"1 \u03bb\u03b5\u03c0\u03c4\u03cc"},"schema":{"@context":"https:\/\/schema.org","@graph":[{"@type":"Organization","@id":"https:\/\/synkinoumai.gr\/deutsch\/#organization","name":"syn kinoumai","url":"https:\/\/synkinoumai.gr\/deutsch\/","sameAs":["https:\/\/www.facebook.com\/koutiva\/"],"logo":{"@type":"ImageObject","@id":"https:\/\/synkinoumai.gr\/deutsch\/#logo","inLanguage":"el","url":"https:\/\/synkinoumai.gr\/deutsch\/wp-content\/uploads\/2020\/07\/bunner-main.jpg","contentUrl":"https:\/\/synkinoumai.gr\/deutsch\/wp-content\/uploads\/2020\/07\/bunner-main.jpg","width":1024,"height":620,"caption":"syn kinoumai"},"image":{"@id":"https:\/\/synkinoumai.gr\/deutsch\/#logo"}},{"@type":"WebSite","@id":"https:\/\/synkinoumai.gr\/deutsch\/#website","url":"https:\/\/synkinoumai.gr\/deutsch\/","name":"Syn Kinoumai","description":"\u039a\u03ad\u03bd\u03c4\u03c1\u03bf \u03a7\u03bf\u03c1\u03bf\u03b8\u03b5\u03c1\u03b1\u03c0\u03b5\u03af\u03b1\u03c2","publisher":{"@id":"https:\/\/synkinoumai.gr\/deutsch\/#organization"},"potentialAction":[{"@type":"SearchAction","target":{"@type":"EntryPoint","urlTemplate":"https:\/\/synkinoumai.gr\/deutsch\/?s={search_term_string}"},"query-input":"required name=search_term_string"}],"inLanguage":"el"},{"@type":"ImageObject","@id":"https:\/\/synkinoumai.gr\/deutsch\/?page_id=384#primaryimage","inLanguage":"el","url":"https:\/\/synkinoumai.gr\/deutsch\/wp-content\/uploads\/2020\/07\/DSC06680\u03b1\u03b1\u03b1-1.jpg","contentUrl":"https:\/\/synkinoumai.gr\/deutsch\/wp-content\/uploads\/2020\/07\/DSC06680\u03b1\u03b1\u03b1-1.jpg","width":1134,"height":1214},{"@type":"WebPage","@id":"https:\/\/synkinoumai.gr\/deutsch\/?page_id=384#webpage","url":"https:\/\/synkinoumai.gr\/deutsch\/?page_id=384","name":"Ziele und Anwendungsbereiche der Tanztherapie - Syn Kinoumai","isPartOf":{"@id":"https:\/\/synkinoumai.gr\/deutsch\/#website"},"primaryImageOfPage":{"@id":"https:\/\/synkinoumai.gr\/deutsch\/?page_id=384#primaryimage"},"datePublished":"2020-04-23T08:54:01+00:00","dateModified":"2020-09-09T08:08:21+00:00","description":"Die Tanztherapie richtet sich an jedes Alter und jede Bev\u00f6lkerungsgruppe (M\u00fctter und S\u00e4uglinge, Kinder, Jugendliche, Paare und Familien).","breadcrumb":{"@id":"https:\/\/synkinoumai.gr\/deutsch\/?page_id=384#breadcrumb"},"inLanguage":"el","potentialAction":[{"@type":"ReadAction","target":["https:\/\/synkinoumai.gr\/deutsch\/?page_id=384"]}]},{"@type":"BreadcrumbList","@id":"https:\/\/synkinoumai.gr\/deutsch\/?page_id=384#breadcrumb","itemListElement":[{"@type":"ListItem","position":1,"name":"\u0391\u03c1\u03c7\u03b9\u03ba\u03ae","item":"https:\/\/synkinoumai.gr\/deutsch\/"},{"@type":"ListItem","position":2,"name":"Ziele und Anwendungsbereiche der Tanztherapie"}]}]}},"_links":{"self":[{"href":"https:\/\/synkinoumai.gr\/deutsch\/index.php?rest_route=\/wp\/v2\/pages\/384","targetHints":{"allow":["GET"]}}],"collection":[{"href":"https:\/\/synkinoumai.gr\/deutsch\/index.php?rest_route=\/wp\/v2\/pages"}],"about":[{"href":"https:\/\/synkinoumai.gr\/deutsch\/index.php?rest_route=\/wp\/v2\/types\/page"}],"author":[{"embeddable":true,"href":"https:\/\/synkinoumai.gr\/deutsch\/index.php?rest_route=\/wp\/v2\/users\/1"}],"replies":[{"embeddable":true,"href":"https:\/\/synkinoumai.gr\/deutsch\/index.php?rest_route=%2Fwp%2Fv2%2Fcomments&post=384"}],"version-history":[{"count":117,"href":"https:\/\/synkinoumai.gr\/deutsch\/index.php?rest_route=\/wp\/v2\/pages\/384\/revisions"}],"predecessor-version":[{"id":4544,"href":"https:\/\/synkinoumai.gr\/deutsch\/index.php?rest_route=\/wp\/v2\/pages\/384\/revisions\/4544"}],"wp:featuredmedia":[{"embeddable":true,"href":"https:\/\/synkinoumai.gr\/deutsch\/index.php?rest_route=\/wp\/v2\/media\/4021"}],"wp:attachment":[{"href":"https:\/\/synkinoumai.gr\/deutsch\/index.php?rest_route=%2Fwp%2Fv2%2Fmedia&parent=384"}],"curies":[{"name":"wp","href":"https:\/\/api.w.org\/{rel}","templated":true}]}}