{"id":3829,"date":"2020-06-30T07:52:52","date_gmt":"2020-06-30T07:52:52","guid":{"rendered":"https:\/\/synkinoumai.gr\/?page_id=3829"},"modified":"2020-09-05T17:28:51","modified_gmt":"2020-09-05T17:28:51","slug":"literatur","status":"publish","type":"page","link":"https:\/\/synkinoumai.gr\/deutsch\/?page_id=3829","title":{"rendered":"Literatur"},"content":{"rendered":"\t\t<div data-elementor-type=\"wp-page\" data-elementor-id=\"3829\" class=\"elementor elementor-3829\" data-elementor-settings=\"[]\">\n\t\t\t\t\t\t<div class=\"elementor-inner\">\n\t\t\t\t\t\t\t<div class=\"elementor-section-wrap\">\n\t\t\t\t\t\t\t<section class=\"elementor-section elementor-top-section elementor-element elementor-element-4ca40bf elementor-section-boxed elementor-section-height-default elementor-section-height-default\" data-id=\"4ca40bf\" data-element_type=\"section\" data-settings=\"{&quot;background_background&quot;:&quot;classic&quot;}\">\n\t\t\t\t\t\t<div class=\"elementor-container elementor-column-gap-default\">\n\t\t\t\t\t\t\t<div class=\"elementor-row\">\n\t\t\t\t\t<div class=\"elementor-column elementor-col-100 elementor-top-column elementor-element elementor-element-7461a9b\" data-id=\"7461a9b\" data-element_type=\"column\">\n\t\t\t<div class=\"elementor-column-wrap elementor-element-populated\">\n\t\t\t\t\t\t\t<div class=\"elementor-widget-wrap\">\n\t\t\t\t\t\t<div class=\"elementor-element elementor-element-2ec4702 elementor-widget elementor-widget-text-editor\" data-id=\"2ec4702\" data-element_type=\"widget\" data-widget_type=\"text-editor.default\">\n\t\t\t\t<div class=\"elementor-widget-container\">\n\t\t\t\t\t\t\t\t<div class=\"elementor-text-editor elementor-clearfix\">\n\t\t\t\t<p><strong>Chace, Marian (2005)<\/strong><br \/>Foundation of Dance\/Movement Therapy. The life and work of Marian Chace, ed. by Susan L. Sandel, Sharon Chaiklin, Ann Lohn. Columbia M.A. The Marian Chace Fund of the American Dance Therapy \u0391ssociation.<\/p><p><strong>Chodorow, Joan (2005)<\/strong><br \/>Dance Therapy and Depth Psychology. The moving imagination. London and New York. Routledge.<\/p><p><strong>Kennedy, Antje (Hrsg.) (2010)<\/strong><br \/>Bewegtes Wissen. Laban, Bartenieff Bewegungsstudien verstehen und erleben. Berlin. Logos.<\/p><p><strong>Koch, Sabine.C and Bender, Susanne (Ed.). (2007)<\/strong><br \/>Movement Analysis &#8211; Bewegungsanalyse. The Legacy of Laban, Bartenieff, Lamb and Kestenberg. Berlin: Logos.<\/p><p><strong>\u039a\u03bf\u03c5\u03c4\u03af\u03b2\u03b1, \u0399\u03c9\u03ac\u03bd\u03bd\u03b1 (2008)<\/strong><br \/><strong>\u039d\u03c4\u03b5\u03ba\u03bf\u03bd\u03c3\u03c4\u03c1\u03bf\u03c5\u03b2\u03b9\u03c3\u03bc\u03cc\u03c2 \u03ba\u03b1\u03b9 \u03a7\u03bf\u03c1\u03bf\u03b8\u03b5\u03c1\u03b1\u03c0\u03b5\u03af\u03b1.<\/strong><\/p><p><strong>\u039a\u03bf\u03c5\u03c4\u03af\u03b2\u03b1, \u0399\u03c9\u03ac\u03bd\u03bd\u03b1 (2014)<\/strong><br \/>Tanztherapie. Teutoburger MEILE. Heft 92.<\/p><p><strong>\u039a\u03bf\u03c5\u03c4\u03af\u03b2\u03b1, \u0399\u03c9\u03ac\u03bd\u03bd\u03b1 (2015)<\/strong><br \/>\u039f \u03c7\u03bf\u03c1\u03cc\u03c2 \u03ba\u03b1\u03b9 \u03b7 \u03ba\u03af\u03bd\u03b7\u03c3\u03b7 \u03c9\u03c2 \u03b8\u03b5\u03c1\u03b1\u03c0\u03b5\u03c5\u03c4\u03b9\u03ba\u03ac \u03bc\u03ad\u03c3\u03b1<br \/>\u03a0\u03b5\u03c1\u03b9\u03bf\u03b4\u03b9\u03ba\u03cc VITA, \u0394\u03b5\u03ba\u03ad\u03bc\u03b2\u03c1\u03b9\u03bf\u03c2 2015<\/p><p><strong>\u039a\u03bf\u03c5\u03c4\u03af\u03b2\u03b1, \u0399\u03c9\u03ac\u03bd\u03bd\u03b1 (2016)<\/strong><br \/>\u039f \u03c7\u03bf\u03c1\u03cc\u03c2 \u03ba\u03b1\u03b9 \u03b7 \u03ba\u03af\u03bd\u03b7\u03c3\u03b7 \u03c9\u03c2 \u03b8\u03b5\u03c1\u03b1\u03c0\u03b5\u03c5\u03c4\u03b9\u03ba\u03ac \u03bc\u03ad\u03c3\u03b1<br \/><a href=\"http:\/\/www.vita.gr\/psixologia\/article\/34578\/o-xoros-kai-h-kinhsh-ws-therapeytika-mesa\/\">http:\/\/www.vita.gr\/psixologia\/article\/34578\/o-xoros-kai-h-kinhsh-ws-therapeytika-mesa\/<\/a><\/p><p><strong>\u039a\u03bf\u03c5\u03c4\u03af\u03b2\u03b1, \u0399\u03c9\u03ac\u03bd\u03bd\u03b1 (2019)<\/strong><br \/>\u0397 \u03ba\u03af\u03bd\u03b7\u03c3\u03b7 \u03b5\u03af\u03bd\u03b1\u03b9 \u03b6\u03c9\u03ae. \u039f \u03ba\u03cc\u03c3\u03bc\u03bf\u03c2 \u03b3\u03cd\u03c1\u03c9 \u03bc\u03b1\u03c2. \u03a0\u03b5\u03c1\u03b9\u03bf\u03b4\u03b9\u03ba\u03ae \u03ad\u03ba\u03b4\u03bf\u03c3\u03b7 \u03b5\u03bd\u03b7\u03bc\u03ad\u03c1\u03c9\u03c3\u03b7\u03c2 &amp; \u03c0\u03c1\u03bf\u03b2\u03bb\u03b7\u03bc\u03b1\u03c4\u03b9\u03c3\u03bc\u03bf\u03cd. \u03a4\u03b5\u03cd\u03c7\u03bf\u03c2 58.<\/p><p><strong>Laban, Rudolf von. (1981)<\/strong><br \/>Der moderne Ausdruckstanz in der Erziehung. Eine Einf\u00fchrung in die kreative t\u00e4nzerische Bewegung als Mittel zur Entfaltung der Pers\u00f6nlichkeit. Aus dem Engl. \u00fcbertr. v. Karin Vial. Wilhelmshaven. Heinrichhafen\u00b4s.<\/p><p><strong>Laban, Rudolf von (1988)<\/strong><br \/>Kunst der Bewegung. Aus d. Engl. \u00fcbertr. v. Karin Vial und Claude Perrottet. Wilhelmshaven. Noetzel.<\/p><p><strong>\u039d\u03c4\u03bf\u03bb\u03c4\u03cc, \u03a6\u03c1\u03b1\u03bd\u03c3\u03bf\u03c5\u03ac\u03b6 (2003)<\/strong><br \/>\u0397 \u03b1\u03c3\u03c5\u03bd\u03b5\u03af\u03b4\u03b7\u03c4\u03b7 \u03b5\u03b9\u03ba\u03cc\u03bd\u03b1 \u03c3\u03ce\u03bc\u03b1\u03c4\u03bf\u03c2. \u0395\u03c3\u03c4\u03af\u03b1.<\/p><p><strong>Schott-Billmann, France (1998)<\/strong><br \/>\u038c\u03c4\u03b1\u03bd \u03bf \u03c7\u03bf\u03c1\u03cc\u03c2 \u03b8\u03b5\u03c1\u03b1\u03c0\u03b5\u03cd\u03b5\u03b9. \u0397 \u03b8\u03b5\u03c1\u03b1\u03c0\u03b5\u03c5\u03c4\u03b9\u03ba\u03ae \u03bb\u03b5\u03b9\u03c4\u03bf\u03c5\u03c1\u03b3\u03af\u03b1 \u03c4\u03bf\u03c5 \u03c7\u03bf\u03c1\u03bf\u03cd. \u0391\u03bd\u03b8\u03c1\u03c9\u03c0\u03bf\u03bb\u03bf\u03b3\u03b9\u03ba\u03ae \u03c0\u03c1\u03bf\u03c3\u03ad\u03b3\u03b3\u03b9\u03c3\u03b7. \u039c\u03c4\u03c6. \u03a7\u03c1\u03c5\u03c3\u03b9\u03ba\u03bf\u03c0\u03bf\u03cd\u03bb\u03bf\u03c5 \u039b. \u0391\u03b8\u03ae\u03bd\u03b1. \u0395\u03bb\u03bb\u03b7\u03bd\u03b9\u03ba\u03ac \u0393\u03c1\u03ac\u03bc\u03bc\u03b1\u03c4\u03b1.<\/p><p><strong>Siegel, Elaine V., Trautmann-Voigt, Sabine und Voigt, Bernd (1999)<\/strong><br \/>Analytische Bewegungs- und Tanztherapie. M\u00fcnchen, Basel. Ernst Reinhardt.<\/p><p><strong>Trautmann-Voigt, Sabine und Voigt, Bernd (Hrsg.) (2009)<\/strong><br \/>Grammatik der K\u00f6rpersprache. K\u00f6rpersprache in Psychotherapie und Coaching entschl\u00fcsseln und nutzen. Stuttgart. Schattauer.<\/p><p><strong>Winnicott, Donald Woods (1971)<\/strong><br \/>\u03a4\u03bf \u03c0\u03b1\u03b9\u03c7\u03bd\u03af\u03b4\u03b9 \u03ba\u03b1\u03b9 \u03b7 \u03c0\u03c1\u03b1\u03b3\u03bc\u03b1\u03c4\u03b9\u03ba\u03cc\u03c4\u03b7\u03c4\u03b1. \u0391\u03b8\u03ae\u03bd\u03b1. \u0395\u03ba\u03b4\u03cc\u03c3\u03b5\u03b9\u03c2 \u039a\u03b1\u03c3\u03c4\u03b1\u03bd\u03b9\u03ce\u03c4\u03b7.<\/p><p><strong>Yalom, \u0399. (2006)<\/strong><br \/>\u0398\u03b5\u03c9\u03c1\u03af\u03b1 \u03ba\u03b1\u03b9 \u03c0\u03c1\u03ac\u03be\u03b7 \u03c4\u03b7\u03c2 \u03bf\u03bc\u03b1\u03b4\u03b9\u03ba\u03ae\u03c2 \u03b8\u03b5\u03c1\u03b1\u03c0\u03b5\u03af\u03b1\u03c2. \u0391\u03b8\u03ae\u03bd\u03b1. \u0386\u03b3\u03c1\u03b1.<\/p>\t\t\t\t\t<\/div>\n\t\t\t\t\t\t<\/div>\n\t\t\t\t<\/div>\n\t\t\t\t\t\t<\/div>\n\t\t\t\t\t<\/div>\n\t\t<\/div>\n\t\t\t\t\t\t\t\t<\/div>\n\t\t\t\t\t<\/div>\n\t\t<\/section>\n\t\t\t\t\t\t<\/div>\n\t\t\t\t\t\t<\/div>\n\t\t\t\t\t<\/div>\n\t\t","protected":false},"excerpt":{"rendered":"<p>Chace, Marian (2005) Foundation of Dance\/Movement Therapy. The life and work of Marian Chace, ed. by Susan L. Sandel, Sharon Chaiklin, Ann Lohn. Columbia M.A. The Marian Chace Fund of the American Dance Therapy \u0391ssociation. Chodorow, Joan (2005) Dance Therapy and Depth Psychology. The moving imagination. London and New York. Routledge. Kennedy, Antje (Hrsg.) (2010) [&hellip;]<\/p>\n","protected":false},"author":1,"featured_media":0,"parent":0,"menu_order":0,"comment_status":"closed","ping_status":"closed","template":"","meta":{"ocean_post_layout":"","ocean_both_sidebars_style":"","ocean_both_sidebars_content_width":0,"ocean_both_sidebars_sidebars_width":0,"ocean_sidebar":"0","ocean_second_sidebar":"0","ocean_disable_margins":"enable","ocean_add_body_class":"","ocean_shortcode_before_top_bar":"","ocean_shortcode_after_top_bar":"","ocean_shortcode_before_header":"","ocean_shortcode_after_header":"","ocean_has_shortcode":"","ocean_shortcode_after_title":"","ocean_shortcode_before_footer_widgets":"","ocean_shortcode_after_footer_widgets":"","ocean_shortcode_before_footer_bottom":"","ocean_shortcode_after_footer_bottom":"","ocean_display_top_bar":"default","ocean_display_header":"default","ocean_header_style":"","ocean_center_header_left_menu":"0","ocean_custom_header_template":"0","ocean_custom_logo":0,"ocean_custom_retina_logo":0,"ocean_custom_logo_max_width":0,"ocean_custom_logo_tablet_max_width":0,"ocean_custom_logo_mobile_max_width":0,"ocean_custom_logo_max_height":0,"ocean_custom_logo_tablet_max_height":0,"ocean_custom_logo_mobile_max_height":0,"ocean_header_custom_menu":"0","ocean_menu_typo_font_family":"0","ocean_menu_typo_font_subset":"","ocean_menu_typo_font_size":0,"ocean_menu_typo_font_size_tablet":0,"ocean_menu_typo_font_size_mobile":0,"ocean_menu_typo_font_size_unit":"px","ocean_menu_typo_font_weight":"","ocean_menu_typo_font_weight_tablet":"","ocean_menu_typo_font_weight_mobile":"","ocean_menu_typo_transform":"","ocean_menu_typo_transform_tablet":"","ocean_menu_typo_transform_mobile":"","ocean_menu_typo_line_height":0,"ocean_menu_typo_line_height_tablet":0,"ocean_menu_typo_line_height_mobile":0,"ocean_menu_typo_line_height_unit":"","ocean_menu_typo_spacing":0,"ocean_menu_typo_spacing_tablet":0,"ocean_menu_typo_spacing_mobile":0,"ocean_menu_typo_spacing_unit":"","ocean_menu_link_color":"","ocean_menu_link_color_hover":"","ocean_menu_link_color_active":"","ocean_menu_link_background":"","ocean_menu_link_hover_background":"","ocean_menu_link_active_background":"","ocean_menu_social_links_bg":"","ocean_menu_social_hover_links_bg":"","ocean_menu_social_links_color":"","ocean_menu_social_hover_links_color":"","ocean_disable_title":"default","ocean_disable_heading":"default","ocean_post_title":"","ocean_post_subheading":"","ocean_post_title_style":"","ocean_post_title_background_color":"","ocean_post_title_background":0,"ocean_post_title_bg_image_position":"","ocean_post_title_bg_image_attachment":"","ocean_post_title_bg_image_repeat":"","ocean_post_title_bg_image_size":"","ocean_post_title_height":0,"ocean_post_title_bg_overlay":0.5,"ocean_post_title_bg_overlay_color":"","ocean_disable_breadcrumbs":"default","ocean_breadcrumbs_color":"","ocean_breadcrumbs_separator_color":"","ocean_breadcrumbs_links_color":"","ocean_breadcrumbs_links_hover_color":"","ocean_display_footer_widgets":"default","ocean_display_footer_bottom":"default","ocean_custom_footer_template":"0","footnotes":""},"class_list":["post-3829","page","type-page","status-publish","hentry","entry"],"yoast_head":"<!-- This site is optimized with the Yoast SEO plugin v18.0 - https:\/\/yoast.com\/wordpress\/plugins\/seo\/ -->\n<title>Literatur - Syn Kinoumai<\/title>\n<meta name=\"description\" content=\"\u03a3\u03c5\u03bd \u03ba\u03b9\u03bd\u03bf\u03cd\u03bc\u03b1\u03b9 \u03b2\u03b9\u03b2\u03bb\u03b9\u03bf\u03b3\u03c1\u03b1\u03c6\u03af\u03b1\" \/>\n<meta name=\"robots\" content=\"index, follow, max-snippet:-1, max-image-preview:large, max-video-preview:-1\" \/>\n<link rel=\"canonical\" href=\"https:\/\/synkinoumai.gr\/deutsch\/?page_id=3829\" \/>\n<meta property=\"og:locale\" content=\"el_GR\" \/>\n<meta property=\"og:type\" content=\"article\" \/>\n<meta property=\"og:title\" content=\"Literatur - Syn Kinoumai\" \/>\n<meta property=\"og:description\" content=\"\u03a3\u03c5\u03bd \u03ba\u03b9\u03bd\u03bf\u03cd\u03bc\u03b1\u03b9 \u03b2\u03b9\u03b2\u03bb\u03b9\u03bf\u03b3\u03c1\u03b1\u03c6\u03af\u03b1\" \/>\n<meta property=\"og:url\" content=\"https:\/\/synkinoumai.gr\/deutsch\/?page_id=3829\" \/>\n<meta property=\"og:site_name\" content=\"Syn Kinoumai\" \/>\n<meta property=\"article:publisher\" content=\"https:\/\/www.facebook.com\/koutiva\/\" \/>\n<meta property=\"article:modified_time\" content=\"2020-09-05T17:28:51+00:00\" \/>\n<meta property=\"og:image\" content=\"https:\/\/synkinoumai.gr\/deutsch\/wp-content\/uploads\/2020\/07\/BUNNER-FACEBOOK-NEW.jpg\" \/>\n\t<meta property=\"og:image:width\" content=\"1240\" \/>\n\t<meta property=\"og:image:height\" content=\"620\" \/>\n\t<meta property=\"og:image:type\" content=\"image\/jpeg\" \/>\n<meta name=\"twitter:card\" content=\"summary_large_image\" \/>\n<meta name=\"twitter:label1\" content=\"\u0395\u03ba\u03c4\u03b9\u03bc\u03ce\u03bc\u03b5\u03bd\u03bf\u03c2 \u03c7\u03c1\u03cc\u03bd\u03bf\u03c2 \u03b1\u03bd\u03ac\u03b3\u03bd\u03c9\u03c3\u03b7\u03c2\" \/>\n\t<meta name=\"twitter:data1\" content=\"1 \u03bb\u03b5\u03c0\u03c4\u03cc\" \/>\n<script type=\"application\/ld+json\" class=\"yoast-schema-graph\">{\"@context\":\"https:\/\/schema.org\",\"@graph\":[{\"@type\":\"Organization\",\"@id\":\"https:\/\/synkinoumai.gr\/deutsch\/#organization\",\"name\":\"syn kinoumai\",\"url\":\"https:\/\/synkinoumai.gr\/deutsch\/\",\"sameAs\":[\"https:\/\/www.facebook.com\/koutiva\/\"],\"logo\":{\"@type\":\"ImageObject\",\"@id\":\"https:\/\/synkinoumai.gr\/deutsch\/#logo\",\"inLanguage\":\"el\",\"url\":\"https:\/\/synkinoumai.gr\/deutsch\/wp-content\/uploads\/2020\/07\/bunner-main.jpg\",\"contentUrl\":\"https:\/\/synkinoumai.gr\/deutsch\/wp-content\/uploads\/2020\/07\/bunner-main.jpg\",\"width\":1024,\"height\":620,\"caption\":\"syn kinoumai\"},\"image\":{\"@id\":\"https:\/\/synkinoumai.gr\/deutsch\/#logo\"}},{\"@type\":\"WebSite\",\"@id\":\"https:\/\/synkinoumai.gr\/deutsch\/#website\",\"url\":\"https:\/\/synkinoumai.gr\/deutsch\/\",\"name\":\"Syn Kinoumai\",\"description\":\"\u039a\u03ad\u03bd\u03c4\u03c1\u03bf \u03a7\u03bf\u03c1\u03bf\u03b8\u03b5\u03c1\u03b1\u03c0\u03b5\u03af\u03b1\u03c2\",\"publisher\":{\"@id\":\"https:\/\/synkinoumai.gr\/deutsch\/#organization\"},\"potentialAction\":[{\"@type\":\"SearchAction\",\"target\":{\"@type\":\"EntryPoint\",\"urlTemplate\":\"https:\/\/synkinoumai.gr\/deutsch\/?s={search_term_string}\"},\"query-input\":\"required name=search_term_string\"}],\"inLanguage\":\"el\"},{\"@type\":\"WebPage\",\"@id\":\"https:\/\/synkinoumai.gr\/deutsch\/?page_id=3829#webpage\",\"url\":\"https:\/\/synkinoumai.gr\/deutsch\/?page_id=3829\",\"name\":\"Literatur - Syn Kinoumai\",\"isPartOf\":{\"@id\":\"https:\/\/synkinoumai.gr\/deutsch\/#website\"},\"datePublished\":\"2020-06-30T07:52:52+00:00\",\"dateModified\":\"2020-09-05T17:28:51+00:00\",\"description\":\"\u03a3\u03c5\u03bd \u03ba\u03b9\u03bd\u03bf\u03cd\u03bc\u03b1\u03b9 \u03b2\u03b9\u03b2\u03bb\u03b9\u03bf\u03b3\u03c1\u03b1\u03c6\u03af\u03b1\",\"breadcrumb\":{\"@id\":\"https:\/\/synkinoumai.gr\/deutsch\/?page_id=3829#breadcrumb\"},\"inLanguage\":\"el\",\"potentialAction\":[{\"@type\":\"ReadAction\",\"target\":[\"https:\/\/synkinoumai.gr\/deutsch\/?page_id=3829\"]}]},{\"@type\":\"BreadcrumbList\",\"@id\":\"https:\/\/synkinoumai.gr\/deutsch\/?page_id=3829#breadcrumb\",\"itemListElement\":[{\"@type\":\"ListItem\",\"position\":1,\"name\":\"\u0391\u03c1\u03c7\u03b9\u03ba\u03ae\",\"item\":\"https:\/\/synkinoumai.gr\/deutsch\/\"},{\"@type\":\"ListItem\",\"position\":2,\"name\":\"Literatur\"}]}]}<\/script>\n<!-- \/ Yoast SEO plugin. -->","yoast_head_json":{"title":"Literatur - Syn Kinoumai","description":"\u03a3\u03c5\u03bd \u03ba\u03b9\u03bd\u03bf\u03cd\u03bc\u03b1\u03b9 \u03b2\u03b9\u03b2\u03bb\u03b9\u03bf\u03b3\u03c1\u03b1\u03c6\u03af\u03b1","robots":{"index":"index","follow":"follow","max-snippet":"max-snippet:-1","max-image-preview":"max-image-preview:large","max-video-preview":"max-video-preview:-1"},"canonical":"https:\/\/synkinoumai.gr\/deutsch\/?page_id=3829","og_locale":"el_GR","og_type":"article","og_title":"Literatur - Syn Kinoumai","og_description":"\u03a3\u03c5\u03bd \u03ba\u03b9\u03bd\u03bf\u03cd\u03bc\u03b1\u03b9 \u03b2\u03b9\u03b2\u03bb\u03b9\u03bf\u03b3\u03c1\u03b1\u03c6\u03af\u03b1","og_url":"https:\/\/synkinoumai.gr\/deutsch\/?page_id=3829","og_site_name":"Syn Kinoumai","article_publisher":"https:\/\/www.facebook.com\/koutiva\/","article_modified_time":"2020-09-05T17:28:51+00:00","og_image":[{"width":1240,"height":620,"url":"https:\/\/synkinoumai.gr\/deutsch\/wp-content\/uploads\/2020\/07\/BUNNER-FACEBOOK-NEW.jpg","type":"image\/jpeg"}],"twitter_card":"summary_large_image","twitter_misc":{"\u0395\u03ba\u03c4\u03b9\u03bc\u03ce\u03bc\u03b5\u03bd\u03bf\u03c2 \u03c7\u03c1\u03cc\u03bd\u03bf\u03c2 \u03b1\u03bd\u03ac\u03b3\u03bd\u03c9\u03c3\u03b7\u03c2":"1 \u03bb\u03b5\u03c0\u03c4\u03cc"},"schema":{"@context":"https:\/\/schema.org","@graph":[{"@type":"Organization","@id":"https:\/\/synkinoumai.gr\/deutsch\/#organization","name":"syn kinoumai","url":"https:\/\/synkinoumai.gr\/deutsch\/","sameAs":["https:\/\/www.facebook.com\/koutiva\/"],"logo":{"@type":"ImageObject","@id":"https:\/\/synkinoumai.gr\/deutsch\/#logo","inLanguage":"el","url":"https:\/\/synkinoumai.gr\/deutsch\/wp-content\/uploads\/2020\/07\/bunner-main.jpg","contentUrl":"https:\/\/synkinoumai.gr\/deutsch\/wp-content\/uploads\/2020\/07\/bunner-main.jpg","width":1024,"height":620,"caption":"syn kinoumai"},"image":{"@id":"https:\/\/synkinoumai.gr\/deutsch\/#logo"}},{"@type":"WebSite","@id":"https:\/\/synkinoumai.gr\/deutsch\/#website","url":"https:\/\/synkinoumai.gr\/deutsch\/","name":"Syn Kinoumai","description":"\u039a\u03ad\u03bd\u03c4\u03c1\u03bf \u03a7\u03bf\u03c1\u03bf\u03b8\u03b5\u03c1\u03b1\u03c0\u03b5\u03af\u03b1\u03c2","publisher":{"@id":"https:\/\/synkinoumai.gr\/deutsch\/#organization"},"potentialAction":[{"@type":"SearchAction","target":{"@type":"EntryPoint","urlTemplate":"https:\/\/synkinoumai.gr\/deutsch\/?s={search_term_string}"},"query-input":"required name=search_term_string"}],"inLanguage":"el"},{"@type":"WebPage","@id":"https:\/\/synkinoumai.gr\/deutsch\/?page_id=3829#webpage","url":"https:\/\/synkinoumai.gr\/deutsch\/?page_id=3829","name":"Literatur - Syn Kinoumai","isPartOf":{"@id":"https:\/\/synkinoumai.gr\/deutsch\/#website"},"datePublished":"2020-06-30T07:52:52+00:00","dateModified":"2020-09-05T17:28:51+00:00","description":"\u03a3\u03c5\u03bd \u03ba\u03b9\u03bd\u03bf\u03cd\u03bc\u03b1\u03b9 \u03b2\u03b9\u03b2\u03bb\u03b9\u03bf\u03b3\u03c1\u03b1\u03c6\u03af\u03b1","breadcrumb":{"@id":"https:\/\/synkinoumai.gr\/deutsch\/?page_id=3829#breadcrumb"},"inLanguage":"el","potentialAction":[{"@type":"ReadAction","target":["https:\/\/synkinoumai.gr\/deutsch\/?page_id=3829"]}]},{"@type":"BreadcrumbList","@id":"https:\/\/synkinoumai.gr\/deutsch\/?page_id=3829#breadcrumb","itemListElement":[{"@type":"ListItem","position":1,"name":"\u0391\u03c1\u03c7\u03b9\u03ba\u03ae","item":"https:\/\/synkinoumai.gr\/deutsch\/"},{"@type":"ListItem","position":2,"name":"Literatur"}]}]}},"_links":{"self":[{"href":"https:\/\/synkinoumai.gr\/deutsch\/index.php?rest_route=\/wp\/v2\/pages\/3829","targetHints":{"allow":["GET"]}}],"collection":[{"href":"https:\/\/synkinoumai.gr\/deutsch\/index.php?rest_route=\/wp\/v2\/pages"}],"about":[{"href":"https:\/\/synkinoumai.gr\/deutsch\/index.php?rest_route=\/wp\/v2\/types\/page"}],"author":[{"embeddable":true,"href":"https:\/\/synkinoumai.gr\/deutsch\/index.php?rest_route=\/wp\/v2\/users\/1"}],"replies":[{"embeddable":true,"href":"https:\/\/synkinoumai.gr\/deutsch\/index.php?rest_route=%2Fwp%2Fv2%2Fcomments&post=3829"}],"version-history":[{"count":14,"href":"https:\/\/synkinoumai.gr\/deutsch\/index.php?rest_route=\/wp\/v2\/pages\/3829\/revisions"}],"predecessor-version":[{"id":4420,"href":"https:\/\/synkinoumai.gr\/deutsch\/index.php?rest_route=\/wp\/v2\/pages\/3829\/revisions\/4420"}],"wp:attachment":[{"href":"https:\/\/synkinoumai.gr\/deutsch\/index.php?rest_route=%2Fwp%2Fv2%2Fmedia&parent=3829"}],"curies":[{"name":"wp","href":"https:\/\/api.w.org\/{rel}","templated":true}]}}