{"id":3442,"date":"2020-06-22T07:18:40","date_gmt":"2020-06-22T07:18:40","guid":{"rendered":"https:\/\/synkinoumai.gr\/?page_id=3442"},"modified":"2020-09-08T16:06:34","modified_gmt":"2020-09-08T16:06:34","slug":"online-tanztherapie-beratung-therapie-als-einzeltherapie","status":"publish","type":"page","link":"https:\/\/synkinoumai.gr\/deutsch\/?page_id=3442","title":{"rendered":"Online Tanztherapie &#038; Beratung\/Therapie als Einzeltherapie"},"content":{"rendered":"\t\t<div data-elementor-type=\"wp-page\" data-elementor-id=\"3442\" class=\"elementor elementor-3442\" data-elementor-settings=\"[]\">\n\t\t\t\t\t\t<div class=\"elementor-inner\">\n\t\t\t\t\t\t\t<div class=\"elementor-section-wrap\">\n\t\t\t\t\t\t\t<section class=\"elementor-section elementor-top-section elementor-element elementor-element-7d3eda2 elementor-section-full_width elementor-section-content-middle elementor-section-stretched elementor-section-height-default elementor-section-height-default\" data-id=\"7d3eda2\" data-element_type=\"section\" data-settings=\"{&quot;background_background&quot;:&quot;classic&quot;,&quot;stretch_section&quot;:&quot;section-stretched&quot;}\">\n\t\t\t\t\t\t\t<div class=\"elementor-background-overlay\"><\/div>\n\t\t\t\t\t\t\t<div class=\"elementor-container elementor-column-gap-no\">\n\t\t\t\t\t\t\t<div class=\"elementor-row\">\n\t\t\t\t\t<div class=\"elementor-column elementor-col-100 elementor-top-column elementor-element elementor-element-1b2ae1b\" data-id=\"1b2ae1b\" data-element_type=\"column\" data-settings=\"{&quot;background_background&quot;:&quot;classic&quot;}\">\n\t\t\t<div class=\"elementor-column-wrap elementor-element-populated\">\n\t\t\t\t\t<div class=\"elementor-background-overlay\"><\/div>\n\t\t\t\t\t\t\t<div class=\"elementor-widget-wrap\">\n\t\t\t\t\t\t<div class=\"elementor-element elementor-element-40f1724 elementor-position-left elementor-vertical-align-top elementor-widget elementor-widget-image-box\" data-id=\"40f1724\" data-element_type=\"widget\" data-widget_type=\"image-box.default\">\n\t\t\t\t<div class=\"elementor-widget-container\">\n\t\t\t<div class=\"elementor-image-box-wrapper\"><div class=\"elementor-image-box-content\"><h2 class=\"elementor-image-box-title\">Online Tanztherapie & Beratung\/Therapie als Einzeltherapie<\/h2><p class=\"elementor-image-box-description\">Das Zentrum f\u00fcr Tanztherapie SYN KINOUMAI bietet auch Tanztherapie- und Beratungssitzungen online. Die Wirksamkeit der Ferntherapie ist wissenschaftlich erwiesen und anerkannt und in Bezug auf Verschwiegenheitspflicht sicher. Es kann jedoch die pers\u00f6nliche Kommunikation nicht ersetzen, da es an der unmittelbaren pers\u00f6nlichen Interaktion mangelt. Jedoch fehlt es den online Sitzungen nicht an Flexibilit\u00e4t, Kreativit\u00e4t und Empathie. Indem wir uns an die aktuellen Umst\u00e4nde anpassen, versuchen wir, die neuen M\u00f6glichkeiten der Technologie zu nutzen.<\/p><\/div><\/div>\t\t<\/div>\n\t\t\t\t<\/div>\n\t\t\t\t\t\t<\/div>\n\t\t\t\t\t<\/div>\n\t\t<\/div>\n\t\t\t\t<div class=\"elementor-column elementor-col-100 elementor-top-column elementor-element elementor-element-f6628d7\" data-id=\"f6628d7\" data-element_type=\"column\" data-settings=\"{&quot;background_background&quot;:&quot;classic&quot;}\">\n\t\t\t<div class=\"elementor-column-wrap elementor-element-populated\">\n\t\t\t\t\t\t\t<div class=\"elementor-widget-wrap\">\n\t\t\t\t\t\t<div class=\"elementor-element elementor-element-2691460 elementor-widget elementor-widget-heading\" data-id=\"2691460\" data-element_type=\"widget\" data-widget_type=\"heading.default\">\n\t\t\t\t<div class=\"elementor-widget-container\">\n\t\t\t<h3 class=\"elementor-heading-title elementor-size-default\">Online Tanztherapie- und Beratungssitzungen sind ein n\u00fctzliches Kommunikationsmittel in F\u00e4llen, in denen man:<\/h3>\t\t<\/div>\n\t\t\t\t<\/div>\n\t\t\t\t<div class=\"elementor-element elementor-element-353c59c elementor-widget-divider--view-line elementor-widget elementor-widget-divider\" data-id=\"353c59c\" data-element_type=\"widget\" data-widget_type=\"divider.default\">\n\t\t\t\t<div class=\"elementor-widget-container\">\n\t\t\t\t\t<div class=\"elementor-divider\">\n\t\t\t<span class=\"elementor-divider-separator\">\n\t\t\t\t\t\t<\/span>\n\t\t<\/div>\n\t\t\t\t<\/div>\n\t\t\t\t<\/div>\n\t\t\t\t<div class=\"elementor-element elementor-element-6f6b72f elementor-widget elementor-widget-text-editor\" data-id=\"6f6b72f\" data-element_type=\"widget\" data-widget_type=\"text-editor.default\">\n\t\t\t\t<div class=\"elementor-widget-container\">\n\t\t\t\t\t\t\t\t<div class=\"elementor-text-editor elementor-clearfix\">\n\t\t\t\t<ul><li>keinen h\u00e4ufigen oder \u00fcberhaupt keinen Zugang zum Therapeuten hat.<\/li><li>im Ausland lebt.<\/li><li>Mobilit\u00e4tsschwierigkeiten hat.<\/li><li>gesundheitliche Probleme hat und die Wohnung nicht verlassen kann.<\/li><li>wegen Pandemiezust\u00e4nden zu Hause bleiben muss.<\/li><\/ul>\t\t\t\t\t<\/div>\n\t\t\t\t\t\t<\/div>\n\t\t\t\t<\/div>\n\t\t\t\t<div class=\"elementor-element elementor-element-2e8e76e elementor-widget elementor-widget-text-editor\" data-id=\"2e8e76e\" data-element_type=\"widget\" data-widget_type=\"text-editor.default\">\n\t\t\t\t<div class=\"elementor-widget-container\">\n\t\t\t\t\t\t\t\t<div class=\"elementor-text-editor elementor-clearfix\">\n\t\t\t\t<p>Insbesondere Menschen, die an Angstzust\u00e4nden, Panikattacken, Depressionen, Beziehungsproblemen, chronischen Krankheiten, Essst\u00f6rungen und Zwangsst\u00f6rungen leiden, k\u00f6nnen die Vorteile von online Sitzungen nutzen. Sie sind jedoch nicht f\u00fcr Menschen geeignet, die an schwerwiegenden psychischen Problemen oder an Selbstmordgedanken leiden.<\/p><p>Damit die online Sitzungen beginnen, ist eine pers\u00f6nliche Sitzung zwischen dem Patienten und dem Therapeuten ratsam, um sich kennenzulernen, die Therapieplanung und Zielerarbeitung festzulegen. In angemessenen Abst\u00e4nden sind je nach den Umst\u00e4nden unmittelbare pers\u00f6nliche Sitzungen zwischen Patient und Therapeut empfehlenswert.<\/p>\t\t\t\t\t<\/div>\n\t\t\t\t\t\t<\/div>\n\t\t\t\t<\/div>\n\t\t\t\t\t\t<\/div>\n\t\t\t\t\t<\/div>\n\t\t<\/div>\n\t\t\t\t\t\t\t\t<\/div>\n\t\t\t\t\t<\/div>\n\t\t<\/section>\n\t\t\t\t<section class=\"elementor-section elementor-top-section elementor-element elementor-element-9c8a09f elementor-section-content-middle elementor-section-height-min-height elementor-section-stretched elementor-section-boxed elementor-section-height-default elementor-section-items-middle\" data-id=\"9c8a09f\" data-element_type=\"section\" data-settings=\"{&quot;background_background&quot;:&quot;classic&quot;,&quot;stretch_section&quot;:&quot;section-stretched&quot;}\">\n\t\t\t\t\t\t\t<div class=\"elementor-background-overlay\"><\/div>\n\t\t\t\t\t\t\t<div class=\"elementor-container elementor-column-gap-default\">\n\t\t\t\t\t\t\t<div class=\"elementor-row\">\n\t\t\t\t\t<div class=\"elementor-column elementor-col-100 elementor-top-column elementor-element elementor-element-744d253\" data-id=\"744d253\" data-element_type=\"column\">\n\t\t\t<div class=\"elementor-column-wrap elementor-element-populated\">\n\t\t\t\t\t\t\t<div class=\"elementor-widget-wrap\">\n\t\t\t\t\t\t<section class=\"elementor-section elementor-inner-section elementor-element elementor-element-11a60ff elementor-section-content-middle elementor-reverse-mobile elementor-section-boxed elementor-section-height-default elementor-section-height-default\" data-id=\"11a60ff\" data-element_type=\"section\" data-settings=\"{&quot;background_background&quot;:&quot;classic&quot;}\">\n\t\t\t\t\t\t<div class=\"elementor-container elementor-column-gap-no\">\n\t\t\t\t\t\t\t<div class=\"elementor-row\">\n\t\t\t\t\t<div class=\"elementor-column elementor-col-100 elementor-inner-column elementor-element elementor-element-28b1309\" data-id=\"28b1309\" data-element_type=\"column\" data-settings=\"{&quot;background_background&quot;:&quot;classic&quot;}\">\n\t\t\t<div class=\"elementor-column-wrap elementor-element-populated\">\n\t\t\t\t\t\t\t<div class=\"elementor-widget-wrap\">\n\t\t\t\t\t\t<div class=\"elementor-element elementor-element-09c1406 elementor-widget elementor-widget-heading\" data-id=\"09c1406\" data-element_type=\"widget\" data-widget_type=\"heading.default\">\n\t\t\t\t<div class=\"elementor-widget-container\">\n\t\t\t<h3 class=\"elementor-heading-title elementor-size-medium\">''Denken ist Handeln in Probe''\n\n\n\n<\/h3>\t\t<\/div>\n\t\t\t\t<\/div>\n\t\t\t\t<div class=\"elementor-element elementor-element-b909533 elementor-widget elementor-widget-heading\" data-id=\"b909533\" data-element_type=\"widget\" data-widget_type=\"heading.default\">\n\t\t\t\t<div class=\"elementor-widget-container\">\n\t\t\t<h5 class=\"elementor-heading-title elementor-size-default\">Sigmund Freud<\/h5>\t\t<\/div>\n\t\t\t\t<\/div>\n\t\t\t\t<div class=\"elementor-element elementor-element-8380a27 elementor-widget elementor-widget-heading\" data-id=\"8380a27\" data-element_type=\"widget\" data-widget_type=\"heading.default\">\n\t\t\t\t<div class=\"elementor-widget-container\">\n\t\t\t<h6 class=\"elementor-heading-title elementor-size-default\">Psychoanalytiker<\/h6>\t\t<\/div>\n\t\t\t\t<\/div>\n\t\t\t\t\t\t<\/div>\n\t\t\t\t\t<\/div>\n\t\t<\/div>\n\t\t\t\t\t\t\t\t<\/div>\n\t\t\t\t\t<\/div>\n\t\t<\/section>\n\t\t\t\t\t\t<\/div>\n\t\t\t\t\t<\/div>\n\t\t<\/div>\n\t\t\t\t\t\t\t\t<\/div>\n\t\t\t\t\t<\/div>\n\t\t<\/section>\n\t\t\t\t\t\t<\/div>\n\t\t\t\t\t\t<\/div>\n\t\t\t\t\t<\/div>\n\t\t","protected":false},"excerpt":{"rendered":"<p>Online Tanztherapie &#038; Beratung\/Therapie als Einzeltherapie Das Zentrum f\u00fcr Tanztherapie SYN KINOUMAI bietet auch Tanztherapie- und Beratungssitzungen online. Die Wirksamkeit der Ferntherapie ist wissenschaftlich erwiesen und anerkannt und in Bezug auf Verschwiegenheitspflicht sicher. Es kann jedoch die pers\u00f6nliche Kommunikation nicht ersetzen, da es an der unmittelbaren pers\u00f6nlichen Interaktion mangelt. Jedoch fehlt es den online Sitzungen [&hellip;]<\/p>\n","protected":false},"author":1,"featured_media":0,"parent":0,"menu_order":0,"comment_status":"closed","ping_status":"closed","template":"","meta":{"ocean_post_layout":"","ocean_both_sidebars_style":"","ocean_both_sidebars_content_width":0,"ocean_both_sidebars_sidebars_width":0,"ocean_sidebar":"0","ocean_second_sidebar":"0","ocean_disable_margins":"enable","ocean_add_body_class":"","ocean_shortcode_before_top_bar":"","ocean_shortcode_after_top_bar":"","ocean_shortcode_before_header":"","ocean_shortcode_after_header":"","ocean_has_shortcode":"","ocean_shortcode_after_title":"","ocean_shortcode_before_footer_widgets":"","ocean_shortcode_after_footer_widgets":"","ocean_shortcode_before_footer_bottom":"","ocean_shortcode_after_footer_bottom":"","ocean_display_top_bar":"default","ocean_display_header":"default","ocean_header_style":"","ocean_center_header_left_menu":"0","ocean_custom_header_template":"0","ocean_custom_logo":0,"ocean_custom_retina_logo":0,"ocean_custom_logo_max_width":0,"ocean_custom_logo_tablet_max_width":0,"ocean_custom_logo_mobile_max_width":0,"ocean_custom_logo_max_height":0,"ocean_custom_logo_tablet_max_height":0,"ocean_custom_logo_mobile_max_height":0,"ocean_header_custom_menu":"0","ocean_menu_typo_font_family":"0","ocean_menu_typo_font_subset":"","ocean_menu_typo_font_size":0,"ocean_menu_typo_font_size_tablet":0,"ocean_menu_typo_font_size_mobile":0,"ocean_menu_typo_font_size_unit":"px","ocean_menu_typo_font_weight":"","ocean_menu_typo_font_weight_tablet":"","ocean_menu_typo_font_weight_mobile":"","ocean_menu_typo_transform":"","ocean_menu_typo_transform_tablet":"","ocean_menu_typo_transform_mobile":"","ocean_menu_typo_line_height":0,"ocean_menu_typo_line_height_tablet":0,"ocean_menu_typo_line_height_mobile":0,"ocean_menu_typo_line_height_unit":"","ocean_menu_typo_spacing":0,"ocean_menu_typo_spacing_tablet":0,"ocean_menu_typo_spacing_mobile":0,"ocean_menu_typo_spacing_unit":"","ocean_menu_link_color":"","ocean_menu_link_color_hover":"","ocean_menu_link_color_active":"","ocean_menu_link_background":"","ocean_menu_link_hover_background":"","ocean_menu_link_active_background":"","ocean_menu_social_links_bg":"","ocean_menu_social_hover_links_bg":"","ocean_menu_social_links_color":"","ocean_menu_social_hover_links_color":"","ocean_disable_title":"default","ocean_disable_heading":"default","ocean_post_title":"","ocean_post_subheading":"","ocean_post_title_style":"","ocean_post_title_background_color":"","ocean_post_title_background":0,"ocean_post_title_bg_image_position":"","ocean_post_title_bg_image_attachment":"","ocean_post_title_bg_image_repeat":"","ocean_post_title_bg_image_size":"","ocean_post_title_height":0,"ocean_post_title_bg_overlay":0.5,"ocean_post_title_bg_overlay_color":"","ocean_disable_breadcrumbs":"default","ocean_breadcrumbs_color":"","ocean_breadcrumbs_separator_color":"","ocean_breadcrumbs_links_color":"","ocean_breadcrumbs_links_hover_color":"","ocean_display_footer_widgets":"default","ocean_display_footer_bottom":"default","ocean_custom_footer_template":"0","footnotes":""},"class_list":["post-3442","page","type-page","status-publish","hentry","entry"],"yoast_head":"<!-- This site is optimized with the Yoast SEO plugin v18.0 - https:\/\/yoast.com\/wordpress\/plugins\/seo\/ -->\n<title>Online Tanztherapie &amp; Beratung\/Therapie als Einzeltherapie - Syn Kinoumai<\/title>\n<meta name=\"description\" content=\"\u03a3\u03ba\u03bf\u03c0\u03cc\u03c2 \u03c4\u03c9\u03bd \u03c3\u03c5\u03bd\u03b5\u03b4\u03c1\u03b9\u03ce\u03bd \u03b5\u03af\u03bd\u03b1\u03b9, \u03bc\u03ad\u03c3\u03b1 \u03b1\u03c0\u03cc \u03bc\u03b9\u03b1 \u03c8\u03c5\u03c7\u03b1\u03bd\u03b1\u03bb\u03c5\u03c4\u03b9\u03ba\u03ae \u03bc\u03b1\u03c4\u03b9\u03ac, \u03bd\u03b1 \u03c6\u03c9\u03c4\u03af\u03c3\u03bf\u03c5\u03bc\u03b5 \u03c4\u03b1 \u03c3\u03ba\u03bf\u03c4\u03b5\u03b9\u03bd\u03ac \u03ba\u03bf\u03bc\u03bc\u03ac\u03c4\u03b9\u03b1 \u03bc\u03ad\u03c3\u03b1 \u03bc\u03b1\u03c2, \u03bd\u03b1 \u03c4\u03bf\u03c5\u03c2 \u03b4\u03ce\u03c3\u03bf\u03c5\u03bc\u03b5 \u03c6\u03c9\u03bd\u03ae \u03bd\u03b1 \u03c0\u03bf\u03c5\u03bd \u03b1\u03c5\u03c4\u03ac \u03c0\u03bf\u03c5 \u03b4\u03af\u03c3\u03c4\u03b1\u03b6\u03b1\u03bd \u03bc\u03ad\u03c7\u03c1\u03b9 \u03c4\u03ce\u03c1\u03b1 \u03bd\u03b1 \u03b1\u03c1\u03b8\u03c1\u03ce\u03c3\u03bf\u03c5\u03bd.\" \/>\n<meta name=\"robots\" content=\"index, follow, max-snippet:-1, max-image-preview:large, max-video-preview:-1\" \/>\n<link rel=\"canonical\" href=\"https:\/\/synkinoumai.gr\/deutsch\/?page_id=3442\" \/>\n<meta property=\"og:locale\" content=\"el_GR\" \/>\n<meta property=\"og:type\" content=\"article\" \/>\n<meta property=\"og:title\" content=\"Online Tanztherapie &amp; Beratung\/Therapie als Einzeltherapie - Syn Kinoumai\" \/>\n<meta property=\"og:description\" content=\"\u03a3\u03ba\u03bf\u03c0\u03cc\u03c2 \u03c4\u03c9\u03bd \u03c3\u03c5\u03bd\u03b5\u03b4\u03c1\u03b9\u03ce\u03bd \u03b5\u03af\u03bd\u03b1\u03b9, \u03bc\u03ad\u03c3\u03b1 \u03b1\u03c0\u03cc \u03bc\u03b9\u03b1 \u03c8\u03c5\u03c7\u03b1\u03bd\u03b1\u03bb\u03c5\u03c4\u03b9\u03ba\u03ae \u03bc\u03b1\u03c4\u03b9\u03ac, \u03bd\u03b1 \u03c6\u03c9\u03c4\u03af\u03c3\u03bf\u03c5\u03bc\u03b5 \u03c4\u03b1 \u03c3\u03ba\u03bf\u03c4\u03b5\u03b9\u03bd\u03ac \u03ba\u03bf\u03bc\u03bc\u03ac\u03c4\u03b9\u03b1 \u03bc\u03ad\u03c3\u03b1 \u03bc\u03b1\u03c2, \u03bd\u03b1 \u03c4\u03bf\u03c5\u03c2 \u03b4\u03ce\u03c3\u03bf\u03c5\u03bc\u03b5 \u03c6\u03c9\u03bd\u03ae \u03bd\u03b1 \u03c0\u03bf\u03c5\u03bd \u03b1\u03c5\u03c4\u03ac \u03c0\u03bf\u03c5 \u03b4\u03af\u03c3\u03c4\u03b1\u03b6\u03b1\u03bd \u03bc\u03ad\u03c7\u03c1\u03b9 \u03c4\u03ce\u03c1\u03b1 \u03bd\u03b1 \u03b1\u03c1\u03b8\u03c1\u03ce\u03c3\u03bf\u03c5\u03bd.\" \/>\n<meta property=\"og:url\" content=\"https:\/\/synkinoumai.gr\/deutsch\/?page_id=3442\" \/>\n<meta property=\"og:site_name\" content=\"Syn Kinoumai\" \/>\n<meta property=\"article:publisher\" content=\"https:\/\/www.facebook.com\/koutiva\/\" \/>\n<meta property=\"article:modified_time\" content=\"2020-09-08T16:06:34+00:00\" \/>\n<meta property=\"og:image\" content=\"https:\/\/synkinoumai.gr\/deutsch\/wp-content\/uploads\/2020\/07\/BUNNER-FACEBOOK-NEW.jpg\" \/>\n\t<meta property=\"og:image:width\" content=\"1240\" \/>\n\t<meta property=\"og:image:height\" content=\"620\" \/>\n\t<meta property=\"og:image:type\" content=\"image\/jpeg\" \/>\n<meta name=\"twitter:card\" content=\"summary_large_image\" \/>\n<meta name=\"twitter:label1\" content=\"\u0395\u03ba\u03c4\u03b9\u03bc\u03ce\u03bc\u03b5\u03bd\u03bf\u03c2 \u03c7\u03c1\u03cc\u03bd\u03bf\u03c2 \u03b1\u03bd\u03ac\u03b3\u03bd\u03c9\u03c3\u03b7\u03c2\" \/>\n\t<meta name=\"twitter:data1\" content=\"1 \u03bb\u03b5\u03c0\u03c4\u03cc\" \/>\n<script type=\"application\/ld+json\" class=\"yoast-schema-graph\">{\"@context\":\"https:\/\/schema.org\",\"@graph\":[{\"@type\":\"Organization\",\"@id\":\"https:\/\/synkinoumai.gr\/deutsch\/#organization\",\"name\":\"syn kinoumai\",\"url\":\"https:\/\/synkinoumai.gr\/deutsch\/\",\"sameAs\":[\"https:\/\/www.facebook.com\/koutiva\/\"],\"logo\":{\"@type\":\"ImageObject\",\"@id\":\"https:\/\/synkinoumai.gr\/deutsch\/#logo\",\"inLanguage\":\"el\",\"url\":\"https:\/\/synkinoumai.gr\/deutsch\/wp-content\/uploads\/2020\/07\/bunner-main.jpg\",\"contentUrl\":\"https:\/\/synkinoumai.gr\/deutsch\/wp-content\/uploads\/2020\/07\/bunner-main.jpg\",\"width\":1024,\"height\":620,\"caption\":\"syn kinoumai\"},\"image\":{\"@id\":\"https:\/\/synkinoumai.gr\/deutsch\/#logo\"}},{\"@type\":\"WebSite\",\"@id\":\"https:\/\/synkinoumai.gr\/deutsch\/#website\",\"url\":\"https:\/\/synkinoumai.gr\/deutsch\/\",\"name\":\"Syn Kinoumai\",\"description\":\"\u039a\u03ad\u03bd\u03c4\u03c1\u03bf \u03a7\u03bf\u03c1\u03bf\u03b8\u03b5\u03c1\u03b1\u03c0\u03b5\u03af\u03b1\u03c2\",\"publisher\":{\"@id\":\"https:\/\/synkinoumai.gr\/deutsch\/#organization\"},\"potentialAction\":[{\"@type\":\"SearchAction\",\"target\":{\"@type\":\"EntryPoint\",\"urlTemplate\":\"https:\/\/synkinoumai.gr\/deutsch\/?s={search_term_string}\"},\"query-input\":\"required name=search_term_string\"}],\"inLanguage\":\"el\"},{\"@type\":\"WebPage\",\"@id\":\"https:\/\/synkinoumai.gr\/deutsch\/?page_id=3442#webpage\",\"url\":\"https:\/\/synkinoumai.gr\/deutsch\/?page_id=3442\",\"name\":\"Online Tanztherapie & Beratung\/Therapie als Einzeltherapie - Syn Kinoumai\",\"isPartOf\":{\"@id\":\"https:\/\/synkinoumai.gr\/deutsch\/#website\"},\"datePublished\":\"2020-06-22T07:18:40+00:00\",\"dateModified\":\"2020-09-08T16:06:34+00:00\",\"description\":\"\u03a3\u03ba\u03bf\u03c0\u03cc\u03c2 \u03c4\u03c9\u03bd \u03c3\u03c5\u03bd\u03b5\u03b4\u03c1\u03b9\u03ce\u03bd \u03b5\u03af\u03bd\u03b1\u03b9, \u03bc\u03ad\u03c3\u03b1 \u03b1\u03c0\u03cc \u03bc\u03b9\u03b1 \u03c8\u03c5\u03c7\u03b1\u03bd\u03b1\u03bb\u03c5\u03c4\u03b9\u03ba\u03ae \u03bc\u03b1\u03c4\u03b9\u03ac, \u03bd\u03b1 \u03c6\u03c9\u03c4\u03af\u03c3\u03bf\u03c5\u03bc\u03b5 \u03c4\u03b1 \u03c3\u03ba\u03bf\u03c4\u03b5\u03b9\u03bd\u03ac \u03ba\u03bf\u03bc\u03bc\u03ac\u03c4\u03b9\u03b1 \u03bc\u03ad\u03c3\u03b1 \u03bc\u03b1\u03c2, \u03bd\u03b1 \u03c4\u03bf\u03c5\u03c2 \u03b4\u03ce\u03c3\u03bf\u03c5\u03bc\u03b5 \u03c6\u03c9\u03bd\u03ae \u03bd\u03b1 \u03c0\u03bf\u03c5\u03bd \u03b1\u03c5\u03c4\u03ac \u03c0\u03bf\u03c5 \u03b4\u03af\u03c3\u03c4\u03b1\u03b6\u03b1\u03bd \u03bc\u03ad\u03c7\u03c1\u03b9 \u03c4\u03ce\u03c1\u03b1 \u03bd\u03b1 \u03b1\u03c1\u03b8\u03c1\u03ce\u03c3\u03bf\u03c5\u03bd.\",\"breadcrumb\":{\"@id\":\"https:\/\/synkinoumai.gr\/deutsch\/?page_id=3442#breadcrumb\"},\"inLanguage\":\"el\",\"potentialAction\":[{\"@type\":\"ReadAction\",\"target\":[\"https:\/\/synkinoumai.gr\/deutsch\/?page_id=3442\"]}]},{\"@type\":\"BreadcrumbList\",\"@id\":\"https:\/\/synkinoumai.gr\/deutsch\/?page_id=3442#breadcrumb\",\"itemListElement\":[{\"@type\":\"ListItem\",\"position\":1,\"name\":\"\u0391\u03c1\u03c7\u03b9\u03ba\u03ae\",\"item\":\"https:\/\/synkinoumai.gr\/deutsch\/\"},{\"@type\":\"ListItem\",\"position\":2,\"name\":\"Online Tanztherapie &#038; Beratung\/Therapie als Einzeltherapie\"}]}]}<\/script>\n<!-- \/ Yoast SEO plugin. -->","yoast_head_json":{"title":"Online Tanztherapie & Beratung\/Therapie als Einzeltherapie - Syn Kinoumai","description":"\u03a3\u03ba\u03bf\u03c0\u03cc\u03c2 \u03c4\u03c9\u03bd \u03c3\u03c5\u03bd\u03b5\u03b4\u03c1\u03b9\u03ce\u03bd \u03b5\u03af\u03bd\u03b1\u03b9, \u03bc\u03ad\u03c3\u03b1 \u03b1\u03c0\u03cc \u03bc\u03b9\u03b1 \u03c8\u03c5\u03c7\u03b1\u03bd\u03b1\u03bb\u03c5\u03c4\u03b9\u03ba\u03ae \u03bc\u03b1\u03c4\u03b9\u03ac, \u03bd\u03b1 \u03c6\u03c9\u03c4\u03af\u03c3\u03bf\u03c5\u03bc\u03b5 \u03c4\u03b1 \u03c3\u03ba\u03bf\u03c4\u03b5\u03b9\u03bd\u03ac \u03ba\u03bf\u03bc\u03bc\u03ac\u03c4\u03b9\u03b1 \u03bc\u03ad\u03c3\u03b1 \u03bc\u03b1\u03c2, \u03bd\u03b1 \u03c4\u03bf\u03c5\u03c2 \u03b4\u03ce\u03c3\u03bf\u03c5\u03bc\u03b5 \u03c6\u03c9\u03bd\u03ae \u03bd\u03b1 \u03c0\u03bf\u03c5\u03bd \u03b1\u03c5\u03c4\u03ac \u03c0\u03bf\u03c5 \u03b4\u03af\u03c3\u03c4\u03b1\u03b6\u03b1\u03bd \u03bc\u03ad\u03c7\u03c1\u03b9 \u03c4\u03ce\u03c1\u03b1 \u03bd\u03b1 \u03b1\u03c1\u03b8\u03c1\u03ce\u03c3\u03bf\u03c5\u03bd.","robots":{"index":"index","follow":"follow","max-snippet":"max-snippet:-1","max-image-preview":"max-image-preview:large","max-video-preview":"max-video-preview:-1"},"canonical":"https:\/\/synkinoumai.gr\/deutsch\/?page_id=3442","og_locale":"el_GR","og_type":"article","og_title":"Online Tanztherapie & Beratung\/Therapie als Einzeltherapie - Syn Kinoumai","og_description":"\u03a3\u03ba\u03bf\u03c0\u03cc\u03c2 \u03c4\u03c9\u03bd \u03c3\u03c5\u03bd\u03b5\u03b4\u03c1\u03b9\u03ce\u03bd \u03b5\u03af\u03bd\u03b1\u03b9, \u03bc\u03ad\u03c3\u03b1 \u03b1\u03c0\u03cc \u03bc\u03b9\u03b1 \u03c8\u03c5\u03c7\u03b1\u03bd\u03b1\u03bb\u03c5\u03c4\u03b9\u03ba\u03ae \u03bc\u03b1\u03c4\u03b9\u03ac, \u03bd\u03b1 \u03c6\u03c9\u03c4\u03af\u03c3\u03bf\u03c5\u03bc\u03b5 \u03c4\u03b1 \u03c3\u03ba\u03bf\u03c4\u03b5\u03b9\u03bd\u03ac \u03ba\u03bf\u03bc\u03bc\u03ac\u03c4\u03b9\u03b1 \u03bc\u03ad\u03c3\u03b1 \u03bc\u03b1\u03c2, \u03bd\u03b1 \u03c4\u03bf\u03c5\u03c2 \u03b4\u03ce\u03c3\u03bf\u03c5\u03bc\u03b5 \u03c6\u03c9\u03bd\u03ae \u03bd\u03b1 \u03c0\u03bf\u03c5\u03bd \u03b1\u03c5\u03c4\u03ac \u03c0\u03bf\u03c5 \u03b4\u03af\u03c3\u03c4\u03b1\u03b6\u03b1\u03bd \u03bc\u03ad\u03c7\u03c1\u03b9 \u03c4\u03ce\u03c1\u03b1 \u03bd\u03b1 \u03b1\u03c1\u03b8\u03c1\u03ce\u03c3\u03bf\u03c5\u03bd.","og_url":"https:\/\/synkinoumai.gr\/deutsch\/?page_id=3442","og_site_name":"Syn Kinoumai","article_publisher":"https:\/\/www.facebook.com\/koutiva\/","article_modified_time":"2020-09-08T16:06:34+00:00","og_image":[{"width":1240,"height":620,"url":"https:\/\/synkinoumai.gr\/deutsch\/wp-content\/uploads\/2020\/07\/BUNNER-FACEBOOK-NEW.jpg","type":"image\/jpeg"}],"twitter_card":"summary_large_image","twitter_misc":{"\u0395\u03ba\u03c4\u03b9\u03bc\u03ce\u03bc\u03b5\u03bd\u03bf\u03c2 \u03c7\u03c1\u03cc\u03bd\u03bf\u03c2 \u03b1\u03bd\u03ac\u03b3\u03bd\u03c9\u03c3\u03b7\u03c2":"1 \u03bb\u03b5\u03c0\u03c4\u03cc"},"schema":{"@context":"https:\/\/schema.org","@graph":[{"@type":"Organization","@id":"https:\/\/synkinoumai.gr\/deutsch\/#organization","name":"syn kinoumai","url":"https:\/\/synkinoumai.gr\/deutsch\/","sameAs":["https:\/\/www.facebook.com\/koutiva\/"],"logo":{"@type":"ImageObject","@id":"https:\/\/synkinoumai.gr\/deutsch\/#logo","inLanguage":"el","url":"https:\/\/synkinoumai.gr\/deutsch\/wp-content\/uploads\/2020\/07\/bunner-main.jpg","contentUrl":"https:\/\/synkinoumai.gr\/deutsch\/wp-content\/uploads\/2020\/07\/bunner-main.jpg","width":1024,"height":620,"caption":"syn kinoumai"},"image":{"@id":"https:\/\/synkinoumai.gr\/deutsch\/#logo"}},{"@type":"WebSite","@id":"https:\/\/synkinoumai.gr\/deutsch\/#website","url":"https:\/\/synkinoumai.gr\/deutsch\/","name":"Syn Kinoumai","description":"\u039a\u03ad\u03bd\u03c4\u03c1\u03bf \u03a7\u03bf\u03c1\u03bf\u03b8\u03b5\u03c1\u03b1\u03c0\u03b5\u03af\u03b1\u03c2","publisher":{"@id":"https:\/\/synkinoumai.gr\/deutsch\/#organization"},"potentialAction":[{"@type":"SearchAction","target":{"@type":"EntryPoint","urlTemplate":"https:\/\/synkinoumai.gr\/deutsch\/?s={search_term_string}"},"query-input":"required name=search_term_string"}],"inLanguage":"el"},{"@type":"WebPage","@id":"https:\/\/synkinoumai.gr\/deutsch\/?page_id=3442#webpage","url":"https:\/\/synkinoumai.gr\/deutsch\/?page_id=3442","name":"Online Tanztherapie & Beratung\/Therapie als Einzeltherapie - Syn Kinoumai","isPartOf":{"@id":"https:\/\/synkinoumai.gr\/deutsch\/#website"},"datePublished":"2020-06-22T07:18:40+00:00","dateModified":"2020-09-08T16:06:34+00:00","description":"\u03a3\u03ba\u03bf\u03c0\u03cc\u03c2 \u03c4\u03c9\u03bd \u03c3\u03c5\u03bd\u03b5\u03b4\u03c1\u03b9\u03ce\u03bd \u03b5\u03af\u03bd\u03b1\u03b9, \u03bc\u03ad\u03c3\u03b1 \u03b1\u03c0\u03cc \u03bc\u03b9\u03b1 \u03c8\u03c5\u03c7\u03b1\u03bd\u03b1\u03bb\u03c5\u03c4\u03b9\u03ba\u03ae \u03bc\u03b1\u03c4\u03b9\u03ac, \u03bd\u03b1 \u03c6\u03c9\u03c4\u03af\u03c3\u03bf\u03c5\u03bc\u03b5 \u03c4\u03b1 \u03c3\u03ba\u03bf\u03c4\u03b5\u03b9\u03bd\u03ac \u03ba\u03bf\u03bc\u03bc\u03ac\u03c4\u03b9\u03b1 \u03bc\u03ad\u03c3\u03b1 \u03bc\u03b1\u03c2, \u03bd\u03b1 \u03c4\u03bf\u03c5\u03c2 \u03b4\u03ce\u03c3\u03bf\u03c5\u03bc\u03b5 \u03c6\u03c9\u03bd\u03ae \u03bd\u03b1 \u03c0\u03bf\u03c5\u03bd \u03b1\u03c5\u03c4\u03ac \u03c0\u03bf\u03c5 \u03b4\u03af\u03c3\u03c4\u03b1\u03b6\u03b1\u03bd \u03bc\u03ad\u03c7\u03c1\u03b9 \u03c4\u03ce\u03c1\u03b1 \u03bd\u03b1 \u03b1\u03c1\u03b8\u03c1\u03ce\u03c3\u03bf\u03c5\u03bd.","breadcrumb":{"@id":"https:\/\/synkinoumai.gr\/deutsch\/?page_id=3442#breadcrumb"},"inLanguage":"el","potentialAction":[{"@type":"ReadAction","target":["https:\/\/synkinoumai.gr\/deutsch\/?page_id=3442"]}]},{"@type":"BreadcrumbList","@id":"https:\/\/synkinoumai.gr\/deutsch\/?page_id=3442#breadcrumb","itemListElement":[{"@type":"ListItem","position":1,"name":"\u0391\u03c1\u03c7\u03b9\u03ba\u03ae","item":"https:\/\/synkinoumai.gr\/deutsch\/"},{"@type":"ListItem","position":2,"name":"Online Tanztherapie &#038; Beratung\/Therapie als Einzeltherapie"}]}]}},"_links":{"self":[{"href":"https:\/\/synkinoumai.gr\/deutsch\/index.php?rest_route=\/wp\/v2\/pages\/3442","targetHints":{"allow":["GET"]}}],"collection":[{"href":"https:\/\/synkinoumai.gr\/deutsch\/index.php?rest_route=\/wp\/v2\/pages"}],"about":[{"href":"https:\/\/synkinoumai.gr\/deutsch\/index.php?rest_route=\/wp\/v2\/types\/page"}],"author":[{"embeddable":true,"href":"https:\/\/synkinoumai.gr\/deutsch\/index.php?rest_route=\/wp\/v2\/users\/1"}],"replies":[{"embeddable":true,"href":"https:\/\/synkinoumai.gr\/deutsch\/index.php?rest_route=%2Fwp%2Fv2%2Fcomments&post=3442"}],"version-history":[{"count":30,"href":"https:\/\/synkinoumai.gr\/deutsch\/index.php?rest_route=\/wp\/v2\/pages\/3442\/revisions"}],"predecessor-version":[{"id":4518,"href":"https:\/\/synkinoumai.gr\/deutsch\/index.php?rest_route=\/wp\/v2\/pages\/3442\/revisions\/4518"}],"wp:attachment":[{"href":"https:\/\/synkinoumai.gr\/deutsch\/index.php?rest_route=%2Fwp%2Fv2%2Fmedia&parent=3442"}],"curies":[{"name":"wp","href":"https:\/\/api.w.org\/{rel}","templated":true}]}}