{"id":340,"date":"2020-04-23T08:12:33","date_gmt":"2020-04-23T08:12:33","guid":{"rendered":"https:\/\/synkinoumai.gr\/?page_id=340"},"modified":"2020-09-08T16:17:39","modified_gmt":"2020-09-08T16:17:39","slug":"was-fuhrt-jemanden-zur-tanztherapie","status":"publish","type":"page","link":"https:\/\/synkinoumai.gr\/deutsch\/?page_id=340","title":{"rendered":"Was f\u00fchrt jemanden zur Tanztherapie"},"content":{"rendered":"\t\t<div data-elementor-type=\"wp-page\" data-elementor-id=\"340\" class=\"elementor elementor-340\" data-elementor-settings=\"[]\">\n\t\t\t\t\t\t<div class=\"elementor-inner\">\n\t\t\t\t\t\t\t<div class=\"elementor-section-wrap\">\n\t\t\t\t\t\t\t<section class=\"elementor-section elementor-top-section elementor-element elementor-element-8c3b3af elementor-section-stretched elementor-section-boxed elementor-section-height-default elementor-section-height-default\" data-id=\"8c3b3af\" data-element_type=\"section\" data-settings=\"{&quot;background_background&quot;:&quot;classic&quot;,&quot;stretch_section&quot;:&quot;section-stretched&quot;}\">\n\t\t\t\t\t\t\t<div class=\"elementor-background-overlay\"><\/div>\n\t\t\t\t\t\t\t<div class=\"elementor-container elementor-column-gap-default\">\n\t\t\t\t\t\t\t<div class=\"elementor-row\">\n\t\t\t\t\t<div class=\"elementor-column elementor-col-50 elementor-top-column elementor-element elementor-element-3f04963\" data-id=\"3f04963\" data-element_type=\"column\">\n\t\t\t<div class=\"elementor-column-wrap\">\n\t\t\t\t\t\t\t<div class=\"elementor-widget-wrap\">\n\t\t\t\t\t\t\t\t<\/div>\n\t\t\t\t\t<\/div>\n\t\t<\/div>\n\t\t\t\t<div class=\"elementor-column elementor-col-50 elementor-top-column elementor-element elementor-element-fffb19e\" data-id=\"fffb19e\" data-element_type=\"column\" data-settings=\"{&quot;background_background&quot;:&quot;classic&quot;}\">\n\t\t\t<div class=\"elementor-column-wrap elementor-element-populated\">\n\t\t\t\t\t\t\t<div class=\"elementor-widget-wrap\">\n\t\t\t\t\t\t<div class=\"elementor-element elementor-element-e92fb3f elementor-widget elementor-widget-heading\" data-id=\"e92fb3f\" data-element_type=\"widget\" data-widget_type=\"heading.default\">\n\t\t\t\t<div class=\"elementor-widget-container\">\n\t\t\t<h2 class=\"elementor-heading-title elementor-size-default\">Was f\u00fchrt jemanden zur Tanztherapie <\/h2>\t\t<\/div>\n\t\t\t\t<\/div>\n\t\t\t\t<div class=\"elementor-element elementor-element-2bed998 elementor-widget elementor-widget-text-editor\" data-id=\"2bed998\" data-element_type=\"widget\" data-widget_type=\"text-editor.default\">\n\t\t\t\t<div class=\"elementor-widget-container\">\n\t\t\t\t\t\t\t\t<div class=\"elementor-text-editor elementor-clearfix\">\n\t\t\t\t<p>Der Grund, der die Menschen h\u00e4ufig zur Tanztherapie f\u00fchrt, ist die Tatsache, dass bei der Tanztherapie die Ausdrucksm\u00f6glichkeiten des K\u00f6rpers einbezogen werden, die bei \u00a0anderen Formen der Psychotherapie fehlen. Indem man einzelne K\u00f6rperteile durch Bewegung aktiviert, aktiviert man Teile der Seele, die inaktiviert sind. Die Trennung von uns Selbst wird vielmehr durch unseren Kontakt und unsere Verbindung mit dem K\u00f6rper als durch die Einschr\u00e4nkungen der Sprache wiederhergestellt.<\/p><p>Im Gegensatz zur klassischen Psychotherapie, die allein auf dem verbalen Ausdruck basiert, anerkennt der therapeutische Ansatz mittels der Kunst die k\u00fcnstlerischen Prozesse und Assoziationen als Spiegel der Gef\u00fchle, der Pers\u00f6nlichkeit und der Schwierigkeiten eines jeden Menschen. Dies geschieht auch bei der Tanztherapie. Therapeut und Patient arbeiten auf einer vorsprachlichen Ebene, auf einer Ebene, auf der man die Sprache als Ausdrucks- bzw. Kommunikationsmittel noch nicht entwickelt hatte.<\/p><p>Der Erwachsene benutzt oft W\u00f6rter, um seine Gef\u00fchle zu rationalisieren, und entfremdet sich dadurch von ihnen. Wenn sich jemand aber durch seine Sch\u00f6pfungen ausdr\u00fcckt, gelingt eine spontane und authentische Art der Kommunikation, sowohl \u00fcber das, was er kennt, als auch dar\u00fcber, was er nicht kennt und \u00fcber sein Selbst kennenlernen will. Die Kunst bildet auf diese Weise einen Katalysator, d.h. ein Hilfsmittel, das den Menschen in seiner Ausdruckskraft st\u00e4rkt.<\/p>\t\t\t\t\t<\/div>\n\t\t\t\t\t\t<\/div>\n\t\t\t\t<\/div>\n\t\t\t\t\t\t<\/div>\n\t\t\t\t\t<\/div>\n\t\t<\/div>\n\t\t\t\t\t\t\t\t<\/div>\n\t\t\t\t\t<\/div>\n\t\t<\/section>\n\t\t\t\t\t\t<\/div>\n\t\t\t\t\t\t<\/div>\n\t\t\t\t\t<\/div>\n\t\t","protected":false},"excerpt":{"rendered":"<p>Was f\u00fchrt jemanden zur Tanztherapie Der Grund, der die Menschen h\u00e4ufig zur Tanztherapie f\u00fchrt, ist die Tatsache, dass bei der Tanztherapie die Ausdrucksm\u00f6glichkeiten des K\u00f6rpers einbezogen werden, die bei \u00a0anderen Formen der Psychotherapie fehlen. Indem man einzelne K\u00f6rperteile durch Bewegung aktiviert, aktiviert man Teile der Seele, die inaktiviert sind. Die Trennung von uns Selbst wird [&hellip;]<\/p>\n","protected":false},"author":1,"featured_media":0,"parent":0,"menu_order":0,"comment_status":"closed","ping_status":"closed","template":"","meta":{"ocean_post_layout":"","ocean_both_sidebars_style":"","ocean_both_sidebars_content_width":0,"ocean_both_sidebars_sidebars_width":0,"ocean_sidebar":"0","ocean_second_sidebar":"0","ocean_disable_margins":"enable","ocean_add_body_class":"","ocean_shortcode_before_top_bar":"","ocean_shortcode_after_top_bar":"","ocean_shortcode_before_header":"","ocean_shortcode_after_header":"","ocean_has_shortcode":"","ocean_shortcode_after_title":"","ocean_shortcode_before_footer_widgets":"","ocean_shortcode_after_footer_widgets":"","ocean_shortcode_before_footer_bottom":"","ocean_shortcode_after_footer_bottom":"","ocean_display_top_bar":"default","ocean_display_header":"default","ocean_header_style":"","ocean_center_header_left_menu":"0","ocean_custom_header_template":"0","ocean_custom_logo":0,"ocean_custom_retina_logo":0,"ocean_custom_logo_max_width":0,"ocean_custom_logo_tablet_max_width":0,"ocean_custom_logo_mobile_max_width":0,"ocean_custom_logo_max_height":0,"ocean_custom_logo_tablet_max_height":0,"ocean_custom_logo_mobile_max_height":0,"ocean_header_custom_menu":"0","ocean_menu_typo_font_family":"0","ocean_menu_typo_font_subset":"","ocean_menu_typo_font_size":0,"ocean_menu_typo_font_size_tablet":0,"ocean_menu_typo_font_size_mobile":0,"ocean_menu_typo_font_size_unit":"px","ocean_menu_typo_font_weight":"","ocean_menu_typo_font_weight_tablet":"","ocean_menu_typo_font_weight_mobile":"","ocean_menu_typo_transform":"","ocean_menu_typo_transform_tablet":"","ocean_menu_typo_transform_mobile":"","ocean_menu_typo_line_height":0,"ocean_menu_typo_line_height_tablet":0,"ocean_menu_typo_line_height_mobile":0,"ocean_menu_typo_line_height_unit":"","ocean_menu_typo_spacing":0,"ocean_menu_typo_spacing_tablet":0,"ocean_menu_typo_spacing_mobile":0,"ocean_menu_typo_spacing_unit":"","ocean_menu_link_color":"","ocean_menu_link_color_hover":"","ocean_menu_link_color_active":"","ocean_menu_link_background":"","ocean_menu_link_hover_background":"","ocean_menu_link_active_background":"","ocean_menu_social_links_bg":"","ocean_menu_social_hover_links_bg":"","ocean_menu_social_links_color":"","ocean_menu_social_hover_links_color":"","ocean_disable_title":"default","ocean_disable_heading":"default","ocean_post_title":"","ocean_post_subheading":"","ocean_post_title_style":"","ocean_post_title_background_color":"","ocean_post_title_background":0,"ocean_post_title_bg_image_position":"","ocean_post_title_bg_image_attachment":"","ocean_post_title_bg_image_repeat":"","ocean_post_title_bg_image_size":"","ocean_post_title_height":0,"ocean_post_title_bg_overlay":0.5,"ocean_post_title_bg_overlay_color":"","ocean_disable_breadcrumbs":"default","ocean_breadcrumbs_color":"","ocean_breadcrumbs_separator_color":"","ocean_breadcrumbs_links_color":"","ocean_breadcrumbs_links_hover_color":"","ocean_display_footer_widgets":"default","ocean_display_footer_bottom":"default","ocean_custom_footer_template":"0","footnotes":""},"class_list":["post-340","page","type-page","status-publish","hentry","entry"],"yoast_head":"<!-- This site is optimized with the Yoast SEO plugin v18.0 - https:\/\/yoast.com\/wordpress\/plugins\/seo\/ -->\n<title>Was f\u00fchrt jemanden zur Tanztherapie - Syn Kinoumai<\/title>\n<meta name=\"description\" content=\"Der Grund, der die Menschen h\u00e4ufig zur Tanztherapie f\u00fchrt, ist die Tatsache, dass bei der Tanztherapie die Ausdrucksm\u00f6glichkeiten des K\u00f6rpers einbezogen werden, die bei anderen Formen der Psychotherapie fehlen.\" \/>\n<meta name=\"robots\" content=\"index, follow, max-snippet:-1, max-image-preview:large, max-video-preview:-1\" \/>\n<link rel=\"canonical\" href=\"https:\/\/synkinoumai.gr\/deutsch\/?page_id=340\" \/>\n<meta property=\"og:locale\" content=\"el_GR\" \/>\n<meta property=\"og:type\" content=\"article\" \/>\n<meta property=\"og:title\" content=\"Was f\u00fchrt jemanden zur Tanztherapie - Syn Kinoumai\" \/>\n<meta property=\"og:description\" content=\"Der Grund, der die Menschen h\u00e4ufig zur Tanztherapie f\u00fchrt, ist die Tatsache, dass bei der Tanztherapie die Ausdrucksm\u00f6glichkeiten des K\u00f6rpers einbezogen werden, die bei anderen Formen der Psychotherapie fehlen.\" \/>\n<meta property=\"og:url\" content=\"https:\/\/synkinoumai.gr\/deutsch\/?page_id=340\" \/>\n<meta property=\"og:site_name\" content=\"Syn Kinoumai\" \/>\n<meta property=\"article:publisher\" content=\"https:\/\/www.facebook.com\/koutiva\/\" \/>\n<meta property=\"article:modified_time\" content=\"2020-09-08T16:17:39+00:00\" \/>\n<meta property=\"og:image\" content=\"https:\/\/synkinoumai.gr\/deutsch\/wp-content\/uploads\/2020\/07\/BUNNER-FACEBOOK-NEW.jpg\" \/>\n\t<meta property=\"og:image:width\" content=\"1240\" \/>\n\t<meta property=\"og:image:height\" content=\"620\" \/>\n\t<meta property=\"og:image:type\" content=\"image\/jpeg\" \/>\n<meta name=\"twitter:card\" content=\"summary_large_image\" \/>\n<meta name=\"twitter:label1\" content=\"\u0395\u03ba\u03c4\u03b9\u03bc\u03ce\u03bc\u03b5\u03bd\u03bf\u03c2 \u03c7\u03c1\u03cc\u03bd\u03bf\u03c2 \u03b1\u03bd\u03ac\u03b3\u03bd\u03c9\u03c3\u03b7\u03c2\" \/>\n\t<meta name=\"twitter:data1\" content=\"1 \u03bb\u03b5\u03c0\u03c4\u03cc\" \/>\n<script type=\"application\/ld+json\" class=\"yoast-schema-graph\">{\"@context\":\"https:\/\/schema.org\",\"@graph\":[{\"@type\":\"Organization\",\"@id\":\"https:\/\/synkinoumai.gr\/deutsch\/#organization\",\"name\":\"syn kinoumai\",\"url\":\"https:\/\/synkinoumai.gr\/deutsch\/\",\"sameAs\":[\"https:\/\/www.facebook.com\/koutiva\/\"],\"logo\":{\"@type\":\"ImageObject\",\"@id\":\"https:\/\/synkinoumai.gr\/deutsch\/#logo\",\"inLanguage\":\"el\",\"url\":\"https:\/\/synkinoumai.gr\/deutsch\/wp-content\/uploads\/2020\/07\/bunner-main.jpg\",\"contentUrl\":\"https:\/\/synkinoumai.gr\/deutsch\/wp-content\/uploads\/2020\/07\/bunner-main.jpg\",\"width\":1024,\"height\":620,\"caption\":\"syn kinoumai\"},\"image\":{\"@id\":\"https:\/\/synkinoumai.gr\/deutsch\/#logo\"}},{\"@type\":\"WebSite\",\"@id\":\"https:\/\/synkinoumai.gr\/deutsch\/#website\",\"url\":\"https:\/\/synkinoumai.gr\/deutsch\/\",\"name\":\"Syn Kinoumai\",\"description\":\"\u039a\u03ad\u03bd\u03c4\u03c1\u03bf \u03a7\u03bf\u03c1\u03bf\u03b8\u03b5\u03c1\u03b1\u03c0\u03b5\u03af\u03b1\u03c2\",\"publisher\":{\"@id\":\"https:\/\/synkinoumai.gr\/deutsch\/#organization\"},\"potentialAction\":[{\"@type\":\"SearchAction\",\"target\":{\"@type\":\"EntryPoint\",\"urlTemplate\":\"https:\/\/synkinoumai.gr\/deutsch\/?s={search_term_string}\"},\"query-input\":\"required name=search_term_string\"}],\"inLanguage\":\"el\"},{\"@type\":\"WebPage\",\"@id\":\"https:\/\/synkinoumai.gr\/deutsch\/?page_id=340#webpage\",\"url\":\"https:\/\/synkinoumai.gr\/deutsch\/?page_id=340\",\"name\":\"Was f\u00fchrt jemanden zur Tanztherapie - Syn Kinoumai\",\"isPartOf\":{\"@id\":\"https:\/\/synkinoumai.gr\/deutsch\/#website\"},\"datePublished\":\"2020-04-23T08:12:33+00:00\",\"dateModified\":\"2020-09-08T16:17:39+00:00\",\"description\":\"Der Grund, der die Menschen h\u00e4ufig zur Tanztherapie f\u00fchrt, ist die Tatsache, dass bei der Tanztherapie die Ausdrucksm\u00f6glichkeiten des K\u00f6rpers einbezogen werden, die bei anderen Formen der Psychotherapie fehlen.\",\"breadcrumb\":{\"@id\":\"https:\/\/synkinoumai.gr\/deutsch\/?page_id=340#breadcrumb\"},\"inLanguage\":\"el\",\"potentialAction\":[{\"@type\":\"ReadAction\",\"target\":[\"https:\/\/synkinoumai.gr\/deutsch\/?page_id=340\"]}]},{\"@type\":\"BreadcrumbList\",\"@id\":\"https:\/\/synkinoumai.gr\/deutsch\/?page_id=340#breadcrumb\",\"itemListElement\":[{\"@type\":\"ListItem\",\"position\":1,\"name\":\"\u0391\u03c1\u03c7\u03b9\u03ba\u03ae\",\"item\":\"https:\/\/synkinoumai.gr\/deutsch\/\"},{\"@type\":\"ListItem\",\"position\":2,\"name\":\"Was f\u00fchrt jemanden zur Tanztherapie\"}]}]}<\/script>\n<!-- \/ Yoast SEO plugin. -->","yoast_head_json":{"title":"Was f\u00fchrt jemanden zur Tanztherapie - Syn Kinoumai","description":"Der Grund, der die Menschen h\u00e4ufig zur Tanztherapie f\u00fchrt, ist die Tatsache, dass bei der Tanztherapie die Ausdrucksm\u00f6glichkeiten des K\u00f6rpers einbezogen werden, die bei anderen Formen der Psychotherapie fehlen.","robots":{"index":"index","follow":"follow","max-snippet":"max-snippet:-1","max-image-preview":"max-image-preview:large","max-video-preview":"max-video-preview:-1"},"canonical":"https:\/\/synkinoumai.gr\/deutsch\/?page_id=340","og_locale":"el_GR","og_type":"article","og_title":"Was f\u00fchrt jemanden zur Tanztherapie - Syn Kinoumai","og_description":"Der Grund, der die Menschen h\u00e4ufig zur Tanztherapie f\u00fchrt, ist die Tatsache, dass bei der Tanztherapie die Ausdrucksm\u00f6glichkeiten des K\u00f6rpers einbezogen werden, die bei anderen Formen der Psychotherapie fehlen.","og_url":"https:\/\/synkinoumai.gr\/deutsch\/?page_id=340","og_site_name":"Syn Kinoumai","article_publisher":"https:\/\/www.facebook.com\/koutiva\/","article_modified_time":"2020-09-08T16:17:39+00:00","og_image":[{"width":1240,"height":620,"url":"https:\/\/synkinoumai.gr\/deutsch\/wp-content\/uploads\/2020\/07\/BUNNER-FACEBOOK-NEW.jpg","type":"image\/jpeg"}],"twitter_card":"summary_large_image","twitter_misc":{"\u0395\u03ba\u03c4\u03b9\u03bc\u03ce\u03bc\u03b5\u03bd\u03bf\u03c2 \u03c7\u03c1\u03cc\u03bd\u03bf\u03c2 \u03b1\u03bd\u03ac\u03b3\u03bd\u03c9\u03c3\u03b7\u03c2":"1 \u03bb\u03b5\u03c0\u03c4\u03cc"},"schema":{"@context":"https:\/\/schema.org","@graph":[{"@type":"Organization","@id":"https:\/\/synkinoumai.gr\/deutsch\/#organization","name":"syn kinoumai","url":"https:\/\/synkinoumai.gr\/deutsch\/","sameAs":["https:\/\/www.facebook.com\/koutiva\/"],"logo":{"@type":"ImageObject","@id":"https:\/\/synkinoumai.gr\/deutsch\/#logo","inLanguage":"el","url":"https:\/\/synkinoumai.gr\/deutsch\/wp-content\/uploads\/2020\/07\/bunner-main.jpg","contentUrl":"https:\/\/synkinoumai.gr\/deutsch\/wp-content\/uploads\/2020\/07\/bunner-main.jpg","width":1024,"height":620,"caption":"syn kinoumai"},"image":{"@id":"https:\/\/synkinoumai.gr\/deutsch\/#logo"}},{"@type":"WebSite","@id":"https:\/\/synkinoumai.gr\/deutsch\/#website","url":"https:\/\/synkinoumai.gr\/deutsch\/","name":"Syn Kinoumai","description":"\u039a\u03ad\u03bd\u03c4\u03c1\u03bf \u03a7\u03bf\u03c1\u03bf\u03b8\u03b5\u03c1\u03b1\u03c0\u03b5\u03af\u03b1\u03c2","publisher":{"@id":"https:\/\/synkinoumai.gr\/deutsch\/#organization"},"potentialAction":[{"@type":"SearchAction","target":{"@type":"EntryPoint","urlTemplate":"https:\/\/synkinoumai.gr\/deutsch\/?s={search_term_string}"},"query-input":"required name=search_term_string"}],"inLanguage":"el"},{"@type":"WebPage","@id":"https:\/\/synkinoumai.gr\/deutsch\/?page_id=340#webpage","url":"https:\/\/synkinoumai.gr\/deutsch\/?page_id=340","name":"Was f\u00fchrt jemanden zur Tanztherapie - Syn Kinoumai","isPartOf":{"@id":"https:\/\/synkinoumai.gr\/deutsch\/#website"},"datePublished":"2020-04-23T08:12:33+00:00","dateModified":"2020-09-08T16:17:39+00:00","description":"Der Grund, der die Menschen h\u00e4ufig zur Tanztherapie f\u00fchrt, ist die Tatsache, dass bei der Tanztherapie die Ausdrucksm\u00f6glichkeiten des K\u00f6rpers einbezogen werden, die bei anderen Formen der Psychotherapie fehlen.","breadcrumb":{"@id":"https:\/\/synkinoumai.gr\/deutsch\/?page_id=340#breadcrumb"},"inLanguage":"el","potentialAction":[{"@type":"ReadAction","target":["https:\/\/synkinoumai.gr\/deutsch\/?page_id=340"]}]},{"@type":"BreadcrumbList","@id":"https:\/\/synkinoumai.gr\/deutsch\/?page_id=340#breadcrumb","itemListElement":[{"@type":"ListItem","position":1,"name":"\u0391\u03c1\u03c7\u03b9\u03ba\u03ae","item":"https:\/\/synkinoumai.gr\/deutsch\/"},{"@type":"ListItem","position":2,"name":"Was f\u00fchrt jemanden zur Tanztherapie"}]}]}},"_links":{"self":[{"href":"https:\/\/synkinoumai.gr\/deutsch\/index.php?rest_route=\/wp\/v2\/pages\/340","targetHints":{"allow":["GET"]}}],"collection":[{"href":"https:\/\/synkinoumai.gr\/deutsch\/index.php?rest_route=\/wp\/v2\/pages"}],"about":[{"href":"https:\/\/synkinoumai.gr\/deutsch\/index.php?rest_route=\/wp\/v2\/types\/page"}],"author":[{"embeddable":true,"href":"https:\/\/synkinoumai.gr\/deutsch\/index.php?rest_route=\/wp\/v2\/users\/1"}],"replies":[{"embeddable":true,"href":"https:\/\/synkinoumai.gr\/deutsch\/index.php?rest_route=%2Fwp%2Fv2%2Fcomments&post=340"}],"version-history":[{"count":35,"href":"https:\/\/synkinoumai.gr\/deutsch\/index.php?rest_route=\/wp\/v2\/pages\/340\/revisions"}],"predecessor-version":[{"id":4525,"href":"https:\/\/synkinoumai.gr\/deutsch\/index.php?rest_route=\/wp\/v2\/pages\/340\/revisions\/4525"}],"wp:attachment":[{"href":"https:\/\/synkinoumai.gr\/deutsch\/index.php?rest_route=%2Fwp%2Fv2%2Fmedia&parent=340"}],"curies":[{"name":"wp","href":"https:\/\/api.w.org\/{rel}","templated":true}]}}