{"id":1007,"date":"2019-12-24T05:53:27","date_gmt":"2019-12-24T05:53:27","guid":{"rendered":"http:\/\/homely-kouprey.w5.wpsandbox.pro\/?page_id=11"},"modified":"2022-02-04T11:42:27","modified_gmt":"2022-02-04T11:42:27","slug":"angebot","status":"publish","type":"page","link":"https:\/\/synkinoumai.gr\/deutsch\/?page_id=1007","title":{"rendered":"Angebot"},"content":{"rendered":"\t\t<div data-elementor-type=\"wp-page\" data-elementor-id=\"1007\" class=\"elementor elementor-1007\" data-elementor-settings=\"[]\">\n\t\t\t\t\t\t<div class=\"elementor-inner\">\n\t\t\t\t\t\t\t<div class=\"elementor-section-wrap\">\n\t\t\t\t\t\t\t<section class=\"elementor-section elementor-top-section elementor-element elementor-element-9533b09 elementor-section-stretched elementor-section-boxed elementor-section-height-default elementor-section-height-default\" data-id=\"9533b09\" data-element_type=\"section\" data-settings=\"{&quot;background_background&quot;:&quot;classic&quot;,&quot;stretch_section&quot;:&quot;section-stretched&quot;}\">\n\t\t\t\t\t\t\t<div class=\"elementor-background-overlay\"><\/div>\n\t\t\t\t\t\t\t<div class=\"elementor-container elementor-column-gap-default\">\n\t\t\t\t\t\t\t<div class=\"elementor-row\">\n\t\t\t\t\t<div class=\"elementor-column elementor-col-100 elementor-top-column elementor-element elementor-element-c69ea5f\" data-id=\"c69ea5f\" data-element_type=\"column\" data-settings=\"{&quot;background_background&quot;:&quot;classic&quot;}\">\n\t\t\t<div class=\"elementor-column-wrap elementor-element-populated\">\n\t\t\t\t\t<div class=\"elementor-background-overlay\"><\/div>\n\t\t\t\t\t\t\t<div class=\"elementor-widget-wrap\">\n\t\t\t\t\t\t<section class=\"elementor-section elementor-inner-section elementor-element elementor-element-c3b1f2b elementor-section-full_width elementor-section-height-default elementor-section-height-default\" data-id=\"c3b1f2b\" data-element_type=\"section\">\n\t\t\t\t\t\t<div class=\"elementor-container elementor-column-gap-narrow\">\n\t\t\t\t\t\t\t<div class=\"elementor-row\">\n\t\t\t\t\t<div class=\"elementor-column elementor-col-100 elementor-inner-column elementor-element elementor-element-213bd21\" data-id=\"213bd21\" data-element_type=\"column\">\n\t\t\t<div class=\"elementor-column-wrap elementor-element-populated\">\n\t\t\t\t\t\t\t<div class=\"elementor-widget-wrap\">\n\t\t\t\t\t\t<div class=\"elementor-element elementor-element-285514c elementor-view-default elementor-vertical-align-top elementor-widget elementor-widget-icon-box\" data-id=\"285514c\" data-element_type=\"widget\" data-widget_type=\"icon-box.default\">\n\t\t\t\t<div class=\"elementor-widget-container\">\n\t\t\t\t\t<div class=\"elementor-icon-box-wrapper\">\n\t\t\t\t\t\t<div class=\"elementor-icon-box-content\">\n\t\t\t\t<h3 class=\"elementor-icon-box-title\">\n\t\t\t\t\t<span  >\n\t\t\t\t\t\tEINF\u00dcHRUNGSSEMINARE IN TANZTHERAPIE\t\t\t\t\t<\/span>\n\t\t\t\t<\/h3>\n\t\t\t\t\t\t\t\t\t<p class=\"elementor-icon-box-description\">\n\t\t\t\t\t\tDiese Seminare sollen Interessenten \u00fcber Tanztherapie informieren. Sie sind sowohl theoretisch als auch erfahrungsorientiert. Die maximale Teilnehmerzahl betr\u00e4gt 10 Personen. Es wird keine Tanzerfahrung vorausgesetzt. Eine Teilnahmebescheinigung wird ausgestellt.\t\t\t\t\t<\/p>\n\t\t\t\t\t\t\t<\/div>\n\t\t<\/div>\n\t\t\t\t<\/div>\n\t\t\t\t<\/div>\n\t\t\t\t<div class=\"elementor-element elementor-element-1036484 elementor-view-default elementor-vertical-align-top elementor-widget elementor-widget-icon-box\" data-id=\"1036484\" data-element_type=\"widget\" data-widget_type=\"icon-box.default\">\n\t\t\t\t<div class=\"elementor-widget-container\">\n\t\t\t\t\t<div class=\"elementor-icon-box-wrapper\">\n\t\t\t\t\t\t<div class=\"elementor-icon-box-content\">\n\t\t\t\t<h3 class=\"elementor-icon-box-title\">\n\t\t\t\t\t<span  >\n\t\t\t\t\t\tTANZTHERAPIE-WORKSHOPS\t\t\t\t\t<\/span>\n\t\t\t\t<\/h3>\n\t\t\t\t\t\t\t\t\t<p class=\"elementor-icon-box-description\">\n\t\t\t\t\t\tDiese Seminare sind erfahrungsorientiert, haben eine begrenzte Gesamtdauer und konzentrieren sich auf ein bestimmtes Thema. Die maximale Teilnehmerzahl betr\u00e4gt 8 Personen. Es wird keine Tanzerfahrung vorausgesetzt. Eine Teilnahmebescheinigung wird ausgestellt.\t\t\t\t\t<\/p>\n\t\t\t\t\t\t\t<\/div>\n\t\t<\/div>\n\t\t\t\t<\/div>\n\t\t\t\t<\/div>\n\t\t\t\t<div class=\"elementor-element elementor-element-0332504 elementor-view-default elementor-vertical-align-top elementor-widget elementor-widget-icon-box\" data-id=\"0332504\" data-element_type=\"widget\" data-widget_type=\"icon-box.default\">\n\t\t\t\t<div class=\"elementor-widget-container\">\n\t\t\t\t\t<div class=\"elementor-icon-box-wrapper\">\n\t\t\t\t\t\t<div class=\"elementor-icon-box-content\">\n\t\t\t\t<h3 class=\"elementor-icon-box-title\">\n\t\t\t\t\t<span  >\n\t\t\t\t\t\tTANZTHERAPIE ALS GRUPPENTHERAPIE\t\t\t\t\t<\/span>\n\t\t\t\t<\/h3>\n\t\t\t\t\t\t\t\t\t<p class=\"elementor-icon-box-description\">\n\t\t\t\t\t\tDie Gruppensitzungen finden w\u00f6chentlich statt und dauern 2 Stunden. Die maximale Teilnehmerzahl betr\u00e4gt 8 Personen. Bevor man an einer Tanztherapiegruppe teilnimmt, sind mindestens drei Einzelsitzungen erforderlich. Die regelm\u00e4\u00dfige Teilnahme erm\u00f6glicht Stabilit\u00e4t, Zusammenhalt, Sicherheit, Vertraulichkeit und Vertrauen zwischen den Gruppenmitgliedern\t\t\t\t\t<\/p>\n\t\t\t\t\t\t\t<\/div>\n\t\t<\/div>\n\t\t\t\t<\/div>\n\t\t\t\t<\/div>\n\t\t\t\t<div class=\"elementor-element elementor-element-0b66a8c content-align-cta-default elementor-widget elementor-widget-eael-cta-box\" data-id=\"0b66a8c\" data-element_type=\"widget\" data-widget_type=\"eael-cta-box.default\">\n\t\t\t\t<div class=\"elementor-widget-container\">\n\t\t\t\t\t<div class=\"eael-call-to-action bg-img bg-fixed\">\n        <h3 class=\"title\">TANZTHERAPIE &amp; BERATUNG\/THERAPIE ALS EINZELTHERAPIE<\/h3><p><p><span lang=\"DE\">Nach der ersten Sitzung, die zum Kennenlernen dient, entscheiden gemeinsam Therapeut und Patient \u00fcber den Therapieplan. Eine therapeutische Sitzung dauert 50 Minuten.\u00a0<\/span><span lang=\"DE\">Die Sitzungsh\u00e4ufigkeit ist von der individuellen Problematik des Patienten abh\u00e4ngig und in den Rahmen des Gesamttherapieplanes eingebettet. <\/span><span lang=\"DE\">Das Einhalten des Therapieplans erm\u00f6glicht die Entwicklung des Heilungsprozesses, bietet Sicherheit und tr\u00e4gt zur therapeutischen Beziehung zwischen Therapeut und Patient.<\/span><\/p><\/p><a href=\"https:\/\/synkinoumai.gr\/deutsch\/?page_id=329\" class=\"cta-button \">\u03a4anztherapie<\/a><a href=\"https:\/\/synkinoumai.gr\/deutsch\/?page_id=100\" class=\"cta-button cta-secondary-button \">\u0392eratung\/Therapie<\/a>\t<\/div>\n\t\t\t\t\t\t<\/div>\n\t\t\t\t<\/div>\n\t\t\t\t<div class=\"elementor-element elementor-element-3c04e67 content-align-cta-default elementor-widget elementor-widget-eael-cta-box\" data-id=\"3c04e67\" data-element_type=\"widget\" data-widget_type=\"eael-cta-box.default\">\n\t\t\t\t<div class=\"elementor-widget-container\">\n\t\t\t\t\t<div class=\"eael-call-to-action bg-img bg-fixed\">\n        <h3 class=\"title\">ONLINE TANZTHERAPIE &amp; BERATUNG\/THERAPIE ALS EINZELTHERAPIE<\/h3><p><p>Das Zentrum f\u00fcr Tanztherapie SYN KINOUME bietet auch Tanztherapie- und Beratungssitzungen online. Es gelten die gleichen Bedingungen wie bei den Sitzungen, in denen ein unmittelbarer pers\u00f6nlicher Kontakt zwischen Therapeut und Patient besteht. Die Wirksamkeit der Ferntherapie ist wissenschaftlich erwiesen und anerkannt und in Bezug auf Verschwiegenheitspflicht\u00a0sicher.<\/p><\/p><a href=\"https:\/\/synkinoumai.gr\/deutsch\/?page_id=3442\" class=\"cta-button \">\u039cehr erfahren...<\/a>\t<\/div>\n\t\t\t\t\t\t<\/div>\n\t\t\t\t<\/div>\n\t\t\t\t\t\t<\/div>\n\t\t\t\t\t<\/div>\n\t\t<\/div>\n\t\t\t\t\t\t\t\t<\/div>\n\t\t\t\t\t<\/div>\n\t\t<\/section>\n\t\t\t\t<div class=\"elementor-element elementor-element-0151cb8 elementor-view-default elementor-vertical-align-top elementor-widget elementor-widget-icon-box\" data-id=\"0151cb8\" data-element_type=\"widget\" data-widget_type=\"icon-box.default\">\n\t\t\t\t<div class=\"elementor-widget-container\">\n\t\t\t\t\t<div class=\"elementor-icon-box-wrapper\">\n\t\t\t\t\t\t<div class=\"elementor-icon-box-content\">\n\t\t\t\t<h3 class=\"elementor-icon-box-title\">\n\t\t\t\t\t<span  >\n\t\t\t\t\t\tWEITERE AKTIVIT\u00c4TEN\t\t\t\t\t<\/span>\n\t\t\t\t<\/h3>\n\t\t\t\t\t\t\t\t\t<p class=\"elementor-icon-box-description\">\n\t\t\t\t\t\tIm Rahmen der F\u00f6rderung und Verbreitung der Tanztherapie nehmen wir an Tagungen, Kongressen, Konferenzen, europ\u00e4ischen Programmen teil und organisieren Pr\u00e4sentationen. Wir arbeiten auch mit anderen Zentren zusammen, die auf das k\u00f6rperliche und geistige Wohl des Menschen abzielen.\t\t\t\t\t<\/p>\n\t\t\t\t\t\t\t<\/div>\n\t\t<\/div>\n\t\t\t\t<\/div>\n\t\t\t\t<\/div>\n\t\t\t\t\t\t<\/div>\n\t\t\t\t\t<\/div>\n\t\t<\/div>\n\t\t\t\t\t\t\t\t<\/div>\n\t\t\t\t\t<\/div>\n\t\t<\/section>\n\t\t\t\t<section class=\"elementor-section elementor-top-section elementor-element elementor-element-72f3d6a1 elementor-section-boxed elementor-section-height-default elementor-section-height-default\" data-id=\"72f3d6a1\" data-element_type=\"section\" data-settings=\"{&quot;background_background&quot;:&quot;classic&quot;}\">\n\t\t\t\t\t\t<div class=\"elementor-container elementor-column-gap-default\">\n\t\t\t\t\t\t\t<div class=\"elementor-row\">\n\t\t\t\t\t<div class=\"elementor-column elementor-col-100 elementor-top-column elementor-element elementor-element-66cd87f2\" data-id=\"66cd87f2\" data-element_type=\"column\">\n\t\t\t<div class=\"elementor-column-wrap elementor-element-populated\">\n\t\t\t\t\t\t\t<div class=\"elementor-widget-wrap\">\n\t\t\t\t\t\t<section class=\"elementor-section elementor-inner-section elementor-element elementor-element-757d7b2a elementor-section-boxed elementor-section-height-default elementor-section-height-default\" data-id=\"757d7b2a\" data-element_type=\"section\">\n\t\t\t\t\t\t<div class=\"elementor-container elementor-column-gap-default\">\n\t\t\t\t\t\t\t<div class=\"elementor-row\">\n\t\t\t\t\t<div class=\"elementor-column elementor-col-100 elementor-inner-column elementor-element elementor-element-d98b4d5\" data-id=\"d98b4d5\" data-element_type=\"column\">\n\t\t\t<div class=\"elementor-column-wrap elementor-element-populated\">\n\t\t\t\t\t\t\t<div class=\"elementor-widget-wrap\">\n\t\t\t\t\t\t<div class=\"elementor-element elementor-element-d77301e elementor-widget elementor-widget-eael-event-calendar\" data-id=\"d77301e\" data-element_type=\"widget\" data-widget_type=\"eael-event-calendar.default\">\n\t\t\t\t<div class=\"elementor-widget-container\">\n\t\t\t<div class=\"eael-event-calendar-wrapper\"><div id=\"eael-event-calendar-d77301e\" class=\"eael-event-calendar-cls\"\n            data-cal_id = \"d77301e\"\n            data-locale = \"de\"\n            data-translate = \"{&quot;today&quot;:&quot;Today&quot;,&quot;tomorrow&quot;:&quot;Tomorrow&quot;}\"\n            data-defaultview = \"dayGridMonth\"\n            data-time_format = \"\"\n            data-events=\"[]\"\n            data-first_day=\"0\"><\/div>\n            <div id=\"eaelecModal\" class=\"eaelec-modal eael-zoom-in\">\n            <div class=\"eael-ec-modal-bg\"><\/div>\n            <div class=\"eaelec-modal-content\">\n                <div class=\"eaelec-modal-header\">\n                    <div class=\"eaelec-modal-close\"><span><i class=\"fas fa-times\"><\/i><\/span><\/div>\n                    <h2 class=\"eael-ec-modal-title\"><\/h2>\n                    <span class=\"eaelec-event-date-start eaelec-event-popup-date\"><\/span>\n                    <span class=\"eaelec-event-date-end eaelec-event-popup-date\"><\/span>\n                <\/div>\n                <div class=\"eaelec-modal-body\">\n                    <p><\/p>\n                <\/div>\n                <div class=\"eaelec-modal-footer\">\n                    <a class=\"eaelec-event-details-link\">Event Details<\/a>\n                <\/div>\n            <\/div>\n        <\/div>\n        <\/div>\t\t<\/div>\n\t\t\t\t<\/div>\n\t\t\t\t\t\t<\/div>\n\t\t\t\t\t<\/div>\n\t\t<\/div>\n\t\t\t\t\t\t\t\t<\/div>\n\t\t\t\t\t<\/div>\n\t\t<\/section>\n\t\t\t\t\t\t<\/div>\n\t\t\t\t\t<\/div>\n\t\t<\/div>\n\t\t\t\t\t\t\t\t<\/div>\n\t\t\t\t\t<\/div>\n\t\t<\/section>\n\t\t\t\t\t\t<\/div>\n\t\t\t\t\t\t<\/div>\n\t\t\t\t\t<\/div>\n\t\t","protected":false},"excerpt":{"rendered":"<p>EINF\u00dcHRUNGSSEMINARE IN TANZTHERAPIE Diese Seminare sollen Interessenten \u00fcber Tanztherapie informieren. Sie sind sowohl theoretisch als auch erfahrungsorientiert. Die maximale Teilnehmerzahl betr\u00e4gt 10 Personen. Es wird keine Tanzerfahrung vorausgesetzt. Eine Teilnahmebescheinigung wird ausgestellt. TANZTHERAPIE-WORKSHOPS Diese Seminare sind erfahrungsorientiert, haben eine begrenzte Gesamtdauer und konzentrieren sich auf ein bestimmtes Thema. Die maximale Teilnehmerzahl betr\u00e4gt 8 Personen. Es [&hellip;]<\/p>\n","protected":false},"author":1,"featured_media":0,"parent":0,"menu_order":0,"comment_status":"closed","ping_status":"closed","template":"","meta":{"ocean_post_layout":"","ocean_both_sidebars_style":"","ocean_both_sidebars_content_width":0,"ocean_both_sidebars_sidebars_width":0,"ocean_sidebar":"0","ocean_second_sidebar":"0","ocean_disable_margins":"enable","ocean_add_body_class":"","ocean_shortcode_before_top_bar":"","ocean_shortcode_after_top_bar":"","ocean_shortcode_before_header":"","ocean_shortcode_after_header":"","ocean_has_shortcode":"","ocean_shortcode_after_title":"","ocean_shortcode_before_footer_widgets":"","ocean_shortcode_after_footer_widgets":"","ocean_shortcode_before_footer_bottom":"","ocean_shortcode_after_footer_bottom":"","ocean_display_top_bar":"default","ocean_display_header":"default","ocean_header_style":"","ocean_center_header_left_menu":"0","ocean_custom_header_template":"0","ocean_custom_logo":0,"ocean_custom_retina_logo":0,"ocean_custom_logo_max_width":0,"ocean_custom_logo_tablet_max_width":0,"ocean_custom_logo_mobile_max_width":0,"ocean_custom_logo_max_height":0,"ocean_custom_logo_tablet_max_height":0,"ocean_custom_logo_mobile_max_height":0,"ocean_header_custom_menu":"0","ocean_menu_typo_font_family":"0","ocean_menu_typo_font_subset":"","ocean_menu_typo_font_size":0,"ocean_menu_typo_font_size_tablet":0,"ocean_menu_typo_font_size_mobile":0,"ocean_menu_typo_font_size_unit":"px","ocean_menu_typo_font_weight":"","ocean_menu_typo_font_weight_tablet":"","ocean_menu_typo_font_weight_mobile":"","ocean_menu_typo_transform":"","ocean_menu_typo_transform_tablet":"","ocean_menu_typo_transform_mobile":"","ocean_menu_typo_line_height":0,"ocean_menu_typo_line_height_tablet":0,"ocean_menu_typo_line_height_mobile":0,"ocean_menu_typo_line_height_unit":"","ocean_menu_typo_spacing":0,"ocean_menu_typo_spacing_tablet":0,"ocean_menu_typo_spacing_mobile":0,"ocean_menu_typo_spacing_unit":"","ocean_menu_link_color":"","ocean_menu_link_color_hover":"","ocean_menu_link_color_active":"","ocean_menu_link_background":"","ocean_menu_link_hover_background":"","ocean_menu_link_active_background":"","ocean_menu_social_links_bg":"","ocean_menu_social_hover_links_bg":"","ocean_menu_social_links_color":"","ocean_menu_social_hover_links_color":"","ocean_disable_title":"default","ocean_disable_heading":"default","ocean_post_title":"","ocean_post_subheading":"","ocean_post_title_style":"","ocean_post_title_background_color":"","ocean_post_title_background":0,"ocean_post_title_bg_image_position":"","ocean_post_title_bg_image_attachment":"","ocean_post_title_bg_image_repeat":"","ocean_post_title_bg_image_size":"","ocean_post_title_height":0,"ocean_post_title_bg_overlay":0.5,"ocean_post_title_bg_overlay_color":"","ocean_disable_breadcrumbs":"default","ocean_breadcrumbs_color":"","ocean_breadcrumbs_separator_color":"","ocean_breadcrumbs_links_color":"","ocean_breadcrumbs_links_hover_color":"","ocean_display_footer_widgets":"default","ocean_display_footer_bottom":"off","ocean_custom_footer_template":"1600","footnotes":""},"class_list":["post-1007","page","type-page","status-publish","hentry","entry"],"yoast_head":"<!-- This site is optimized with the Yoast SEO plugin v18.0 - https:\/\/yoast.com\/wordpress\/plugins\/seo\/ -->\n<title>Angebot - Syn Kinoumai<\/title>\n<meta name=\"description\" content=\"Angebot- Syn Kinoumai\" \/>\n<meta name=\"robots\" content=\"index, follow, max-snippet:-1, max-image-preview:large, max-video-preview:-1\" \/>\n<link rel=\"canonical\" href=\"https:\/\/synkinoumai.gr\/deutsch\/?page_id=1007\" \/>\n<meta property=\"og:locale\" content=\"el_GR\" \/>\n<meta property=\"og:type\" content=\"article\" \/>\n<meta property=\"og:title\" content=\"Angebot - Syn Kinoumai\" \/>\n<meta property=\"og:description\" content=\"Angebot- Syn Kinoumai\" \/>\n<meta property=\"og:url\" content=\"https:\/\/synkinoumai.gr\/deutsch\/?page_id=1007\" \/>\n<meta property=\"og:site_name\" content=\"Syn Kinoumai\" \/>\n<meta property=\"article:publisher\" content=\"https:\/\/www.facebook.com\/koutiva\/\" \/>\n<meta property=\"article:modified_time\" content=\"2022-02-04T11:42:27+00:00\" \/>\n<meta property=\"og:image\" content=\"https:\/\/synkinoumai.gr\/deutsch\/wp-content\/uploads\/2020\/07\/BUNNER-FACEBOOK-NEW.jpg\" \/>\n\t<meta property=\"og:image:width\" content=\"1240\" \/>\n\t<meta property=\"og:image:height\" content=\"620\" \/>\n\t<meta property=\"og:image:type\" content=\"image\/jpeg\" \/>\n<meta name=\"twitter:card\" content=\"summary_large_image\" \/>\n<meta name=\"twitter:label1\" content=\"\u0395\u03ba\u03c4\u03b9\u03bc\u03ce\u03bc\u03b5\u03bd\u03bf\u03c2 \u03c7\u03c1\u03cc\u03bd\u03bf\u03c2 \u03b1\u03bd\u03ac\u03b3\u03bd\u03c9\u03c3\u03b7\u03c2\" \/>\n\t<meta name=\"twitter:data1\" content=\"2 \u03bb\u03b5\u03c0\u03c4\u03ac\" \/>\n<script type=\"application\/ld+json\" class=\"yoast-schema-graph\">{\"@context\":\"https:\/\/schema.org\",\"@graph\":[{\"@type\":\"Organization\",\"@id\":\"https:\/\/synkinoumai.gr\/deutsch\/#organization\",\"name\":\"syn kinoumai\",\"url\":\"https:\/\/synkinoumai.gr\/deutsch\/\",\"sameAs\":[\"https:\/\/www.facebook.com\/koutiva\/\"],\"logo\":{\"@type\":\"ImageObject\",\"@id\":\"https:\/\/synkinoumai.gr\/deutsch\/#logo\",\"inLanguage\":\"el\",\"url\":\"https:\/\/synkinoumai.gr\/deutsch\/wp-content\/uploads\/2020\/07\/bunner-main.jpg\",\"contentUrl\":\"https:\/\/synkinoumai.gr\/deutsch\/wp-content\/uploads\/2020\/07\/bunner-main.jpg\",\"width\":1024,\"height\":620,\"caption\":\"syn kinoumai\"},\"image\":{\"@id\":\"https:\/\/synkinoumai.gr\/deutsch\/#logo\"}},{\"@type\":\"WebSite\",\"@id\":\"https:\/\/synkinoumai.gr\/deutsch\/#website\",\"url\":\"https:\/\/synkinoumai.gr\/deutsch\/\",\"name\":\"Syn Kinoumai\",\"description\":\"\u039a\u03ad\u03bd\u03c4\u03c1\u03bf \u03a7\u03bf\u03c1\u03bf\u03b8\u03b5\u03c1\u03b1\u03c0\u03b5\u03af\u03b1\u03c2\",\"publisher\":{\"@id\":\"https:\/\/synkinoumai.gr\/deutsch\/#organization\"},\"potentialAction\":[{\"@type\":\"SearchAction\",\"target\":{\"@type\":\"EntryPoint\",\"urlTemplate\":\"https:\/\/synkinoumai.gr\/deutsch\/?s={search_term_string}\"},\"query-input\":\"required name=search_term_string\"}],\"inLanguage\":\"el\"},{\"@type\":\"WebPage\",\"@id\":\"https:\/\/synkinoumai.gr\/deutsch\/?page_id=1007#webpage\",\"url\":\"https:\/\/synkinoumai.gr\/deutsch\/?page_id=1007\",\"name\":\"Angebot - Syn Kinoumai\",\"isPartOf\":{\"@id\":\"https:\/\/synkinoumai.gr\/deutsch\/#website\"},\"datePublished\":\"2019-12-24T05:53:27+00:00\",\"dateModified\":\"2022-02-04T11:42:27+00:00\",\"description\":\"Angebot- Syn Kinoumai\",\"breadcrumb\":{\"@id\":\"https:\/\/synkinoumai.gr\/deutsch\/?page_id=1007#breadcrumb\"},\"inLanguage\":\"el\",\"potentialAction\":[{\"@type\":\"ReadAction\",\"target\":[\"https:\/\/synkinoumai.gr\/deutsch\/?page_id=1007\"]}]},{\"@type\":\"BreadcrumbList\",\"@id\":\"https:\/\/synkinoumai.gr\/deutsch\/?page_id=1007#breadcrumb\",\"itemListElement\":[{\"@type\":\"ListItem\",\"position\":1,\"name\":\"\u0391\u03c1\u03c7\u03b9\u03ba\u03ae\",\"item\":\"https:\/\/synkinoumai.gr\/deutsch\/\"},{\"@type\":\"ListItem\",\"position\":2,\"name\":\"Angebot\"}]}]}<\/script>\n<!-- \/ Yoast SEO plugin. -->","yoast_head_json":{"title":"Angebot - Syn Kinoumai","description":"Angebot- Syn Kinoumai","robots":{"index":"index","follow":"follow","max-snippet":"max-snippet:-1","max-image-preview":"max-image-preview:large","max-video-preview":"max-video-preview:-1"},"canonical":"https:\/\/synkinoumai.gr\/deutsch\/?page_id=1007","og_locale":"el_GR","og_type":"article","og_title":"Angebot - Syn Kinoumai","og_description":"Angebot- Syn Kinoumai","og_url":"https:\/\/synkinoumai.gr\/deutsch\/?page_id=1007","og_site_name":"Syn Kinoumai","article_publisher":"https:\/\/www.facebook.com\/koutiva\/","article_modified_time":"2022-02-04T11:42:27+00:00","og_image":[{"width":1240,"height":620,"url":"https:\/\/synkinoumai.gr\/deutsch\/wp-content\/uploads\/2020\/07\/BUNNER-FACEBOOK-NEW.jpg","type":"image\/jpeg"}],"twitter_card":"summary_large_image","twitter_misc":{"\u0395\u03ba\u03c4\u03b9\u03bc\u03ce\u03bc\u03b5\u03bd\u03bf\u03c2 \u03c7\u03c1\u03cc\u03bd\u03bf\u03c2 \u03b1\u03bd\u03ac\u03b3\u03bd\u03c9\u03c3\u03b7\u03c2":"2 \u03bb\u03b5\u03c0\u03c4\u03ac"},"schema":{"@context":"https:\/\/schema.org","@graph":[{"@type":"Organization","@id":"https:\/\/synkinoumai.gr\/deutsch\/#organization","name":"syn kinoumai","url":"https:\/\/synkinoumai.gr\/deutsch\/","sameAs":["https:\/\/www.facebook.com\/koutiva\/"],"logo":{"@type":"ImageObject","@id":"https:\/\/synkinoumai.gr\/deutsch\/#logo","inLanguage":"el","url":"https:\/\/synkinoumai.gr\/deutsch\/wp-content\/uploads\/2020\/07\/bunner-main.jpg","contentUrl":"https:\/\/synkinoumai.gr\/deutsch\/wp-content\/uploads\/2020\/07\/bunner-main.jpg","width":1024,"height":620,"caption":"syn kinoumai"},"image":{"@id":"https:\/\/synkinoumai.gr\/deutsch\/#logo"}},{"@type":"WebSite","@id":"https:\/\/synkinoumai.gr\/deutsch\/#website","url":"https:\/\/synkinoumai.gr\/deutsch\/","name":"Syn Kinoumai","description":"\u039a\u03ad\u03bd\u03c4\u03c1\u03bf \u03a7\u03bf\u03c1\u03bf\u03b8\u03b5\u03c1\u03b1\u03c0\u03b5\u03af\u03b1\u03c2","publisher":{"@id":"https:\/\/synkinoumai.gr\/deutsch\/#organization"},"potentialAction":[{"@type":"SearchAction","target":{"@type":"EntryPoint","urlTemplate":"https:\/\/synkinoumai.gr\/deutsch\/?s={search_term_string}"},"query-input":"required name=search_term_string"}],"inLanguage":"el"},{"@type":"WebPage","@id":"https:\/\/synkinoumai.gr\/deutsch\/?page_id=1007#webpage","url":"https:\/\/synkinoumai.gr\/deutsch\/?page_id=1007","name":"Angebot - Syn Kinoumai","isPartOf":{"@id":"https:\/\/synkinoumai.gr\/deutsch\/#website"},"datePublished":"2019-12-24T05:53:27+00:00","dateModified":"2022-02-04T11:42:27+00:00","description":"Angebot- Syn Kinoumai","breadcrumb":{"@id":"https:\/\/synkinoumai.gr\/deutsch\/?page_id=1007#breadcrumb"},"inLanguage":"el","potentialAction":[{"@type":"ReadAction","target":["https:\/\/synkinoumai.gr\/deutsch\/?page_id=1007"]}]},{"@type":"BreadcrumbList","@id":"https:\/\/synkinoumai.gr\/deutsch\/?page_id=1007#breadcrumb","itemListElement":[{"@type":"ListItem","position":1,"name":"\u0391\u03c1\u03c7\u03b9\u03ba\u03ae","item":"https:\/\/synkinoumai.gr\/deutsch\/"},{"@type":"ListItem","position":2,"name":"Angebot"}]}]}},"_links":{"self":[{"href":"https:\/\/synkinoumai.gr\/deutsch\/index.php?rest_route=\/wp\/v2\/pages\/1007","targetHints":{"allow":["GET"]}}],"collection":[{"href":"https:\/\/synkinoumai.gr\/deutsch\/index.php?rest_route=\/wp\/v2\/pages"}],"about":[{"href":"https:\/\/synkinoumai.gr\/deutsch\/index.php?rest_route=\/wp\/v2\/types\/page"}],"author":[{"embeddable":true,"href":"https:\/\/synkinoumai.gr\/deutsch\/index.php?rest_route=\/wp\/v2\/users\/1"}],"replies":[{"embeddable":true,"href":"https:\/\/synkinoumai.gr\/deutsch\/index.php?rest_route=%2Fwp%2Fv2%2Fcomments&post=1007"}],"version-history":[{"count":338,"href":"https:\/\/synkinoumai.gr\/deutsch\/index.php?rest_route=\/wp\/v2\/pages\/1007\/revisions"}],"predecessor-version":[{"id":4628,"href":"https:\/\/synkinoumai.gr\/deutsch\/index.php?rest_route=\/wp\/v2\/pages\/1007\/revisions\/4628"}],"wp:attachment":[{"href":"https:\/\/synkinoumai.gr\/deutsch\/index.php?rest_route=%2Fwp%2Fv2%2Fmedia&parent=1007"}],"curies":[{"name":"wp","href":"https:\/\/api.w.org\/{rel}","templated":true}]}}